{"id":2417,"date":"2020-08-14T09:28:41","date_gmt":"2020-08-14T09:28:41","guid":{"rendered":"https:\/\/demo.theisn.org\/frontiers\/?page_id=2417"},"modified":"2022-07-12T10:13:21","modified_gmt":"2022-07-12T10:13:21","slug":"registration","status":"publish","type":"page","link":"https:\/\/www.theisn.org\/frontiers22\/bergamo\/registration-and-practicalities\/registration\/","title":{"rendered":"Registration"},"content":{"rendered":"<p>[vc_row][vc_column][vc_column_text][\/vc_column_text][vc_column_text]The ISN Frontiers Meeting \u2018Complement-related kidney diseases: classification, genetics, and treatment\u2019 was planned as an in-person meeting. All activities adhered fully to COVID-19 hygienic safety measures and procedures as mandated by local authorities and the venue.[\/vc_column_text][\/vc_column][\/vc_row][vc_row][vc_column][vc_column_text]<\/p>\n<h2><strong>Registration<\/strong><\/h2>\n<p>[\/vc_column_text][vc_column_text]Registrations to the ISN Frontiers Meeting in Bergamo is closed.<\/p>\n<p>All fees below are in EURO and do not include Italian VAT . Please note that a <strong>22% for Italian VAT will be added to all registration fees.<\/strong>[\/vc_column_text][\/vc_column][\/vc_row][vc_row css=&#8221;.vc_custom_1631529544082{margin-top: 20px !important;margin-bottom: 40px !important;}&#8221;][vc_column][vc_column_text]<\/p>\n<h3>Registration Fees:<\/h3>\n<p>[\/vc_column_text]<div class=\"porto-price-boxes pricing-table  spaced pricing-table-classic\"><div class=\"row\"><div class=\" col-lg-6 col-md-6\"><div class=\"porto-price-box plan  plan-primary plan-btn-top\"><h3><strong>EARLY FEES<\/strong><em class=\"desc\">Up to March 30, 2022<\/em><\/h3><ul class=\"prices\">\n<li><strong>250 EUR<br \/>\n<\/strong>ISN Members<\/li>\n<li><strong>350 EUR<\/strong><br \/>\nNonmembers<\/li>\n<li><strong>150 EUR<\/strong><br \/>\nISN Trainee &amp; ISN Associate Members<\/li>\n<li><strong>200 EUR<\/strong><br \/>\nAllied Health Professionals<\/li>\n<li><strong>0 EUR<\/strong><br \/>\nLow-Income Countries<\/li>\n<\/ul>\n<\/div><\/div><div class=\" col-lg-6 col-md-6\"><div class=\"porto-price-box plan  plan-secondary plan-btn-top\"><h3><strong>REGULAR FEES<\/strong><em class=\"desc\">After March 30, 2022<\/em><\/h3><ul class=\"prices\">\n<li><strong>350 EUR<br \/>\n<\/strong>ISN Members<\/li>\n<li><strong>450 EUR<\/strong><br \/>\nNonmembers<\/li>\n<li><strong>200 EUR<\/strong><br \/>\nISN Trainee &amp; ISN Associate Members<\/li>\n<li><strong>250 EUR<\/strong><br \/>\nAllied Health Professionals<\/li>\n<li><strong>0 EUR<\/strong><br \/>\nLow-Income Countries<\/li>\n<\/ul>\n<\/div><\/div><\/div><\/div>[\/vc_column][\/vc_row][vc_row css=&#8221;.vc_custom_1631529620328{margin-top: 30px !important;}&#8221;][vc_column][vc_column_text]<\/p>\n<h2>Registration Categories<\/h2>\n<ul>\n<li class=\"x_MsoListParagraph\"><span lang=\"en-BE\"><strong>ISN Members<\/strong>: Members who are in good standing with the International Society of Nephrology. The membership number must be provided to benefit from this rate. ISN members: only full members can take advantage of this fee. ISN Academy &amp; ISN Journal subscribers cannot register at this rate.<\/span><\/li>\n<li class=\"x_MsoListParagraph\"><span lang=\"en-BE\"><strong>Nonmembers<\/strong>: individual who are not interested in becoming ISN members, and individuals with only an ISN Academy &amp; ISN Journal subscription.<\/span><\/li>\n<li class=\"x_MsoListParagraph\"><span lang=\"en-BE\"><strong>ISN Associate Member<\/strong>: ISN Associate members who are in good standing with the International Society of Nephrology. The ISN membership number must be provided to benefit from this rate.<\/span><\/li>\n<li class=\"x_MsoListParagraph\"><span lang=\"en-BE\"><strong>ISN Trainee Member<\/strong>: Must be approved \u2018Trainee members\u2018 of the International Society of Nephrology. Please make sure your ISN Trainee membership is active and approved before registering at this rate. The ISN membership number must be provided to benefit from this rate.<\/span><\/li>\n<li class=\"x_MsoListParagraph\"><span lang=\"en-BE\"><strong>Renal Health Professional<\/strong>: Nonmedical doctors who are not ISN Associate Members and are not interested in joining the ISN \u2013 including dietitians, nurses, pharmacists, social workers, and technicians.<\/span><\/li>\n<li class=\"x_MsoListParagraph\"><span lang=\"en-BE\"><strong>Low-Income Country<\/strong>: Individuals who reside and are employed in low-income countries. Please click\u00a0<a href=\"https:\/\/www.theisn.org\/frontiers\/wp-content\/uploads\/sites\/3\/2021\/10\/FRBER-Low-Income-Countries-1.pdf\" target=\"_blank\" rel=\"noopener noreferrer\">here<\/a> for the full list.<\/span><\/li>\n<\/ul>\n<p>[\/vc_column_text][vc_column_text]<\/p>\n<h2>Terms and Condistions<\/h2>\n<p>Please read the following Terms and Conditions before registering to the Frontiers Meeting &#8211; Bergamo:<\/p>\n<ul>\n<li><a href=\"https:\/\/www.theisn.org\/frontiers\/wp-content\/uploads\/sites\/3\/2022\/03\/FRBER_-Terms_and_Conditions-Final2.pdf\" target=\"_blank\" rel=\"noopener noreferrer\">Terms and Conditions for Individual\u00a0Registrations<\/a><\/li>\n<li><a href=\"https:\/\/www.theisn.org\/frontiers\/wp-content\/uploads\/sites\/3\/2022\/03\/FRBER_-Terms_and_Conditions-Final2.pdf\" target=\"_blank\" rel=\"noopener noreferrer\">Terms and Conditions for Groups Registrations<\/a><\/li>\n<\/ul>\n<p>[\/vc_column_text][vc_column_text]The\u00a0<strong>ISN 2022 Frontiers Meeting \u2018Complement-related kidney diseases: classification, genetics and treatment\u2019<\/strong>, Bergamo, Italy, 23\/06\/2022-25\/06\/2022 has been accredited by the European Accreditation Council for Continuing Medical Education (EACCME\u00ae) with\u00a0<strong>17 European CME credits<\/strong>\u00a0(ECMEC\u00aes). Each medical specialist should claim only those hours of credit that he\/she actually spent in the educational activity.<\/p>\n<p>Please find below the breakdown of ECMEC\u00aes per day:<\/p>\n<p>June 23, 2022 \u2013 5.00<\/p>\n<p>June 24, 2022 \u2013 8.00<\/p>\n<p>June 25, 2022 \u2013 4.00<\/p>\n<p>Each medical specialist should claim only those hours of credit that he\/she actually spent in the educational activity. The EACCME\u00ae awards ECMEC\u00aes on the basis of 1 ECMEC\u00ae for one hour of CME with a maximum of 8 ECMEC\u00aes per day. Cf. Chapter X of UEMS 2016.20.<\/p>\n<p>Through an agreement between the Union Europ\u00e9enne des M\u00e9decins Sp\u00e9cialistes and the American Medical Association, physicians may convert EACCME\u00ae credits to an equivalent number of AMA PRA Category 1 CreditsTM. Information on the process to convert EACCME\u00ae credit to AMA credit can be found at www.ama-assn.org\/education\/earn-credit-participation-international-activities.<\/p>\n<p>Live educational activities, occurring outside of Canada, recognised by the UEMS-EACCME\u00ae for ECMEC\u00aes are deemed to be Accredited Group Learning Activities (Section 1) as defined by the Maintenance of Certification Program of the Royal College of Physicians and Surgeons of Canada.<\/p>\n<p><strong>CME Certificate of Attendance<br \/>\n<\/strong>A certificate of attendance will only be available after the meeting via your Frontiers Bergamo Portal. under the \u201cMy CME Certificate\u201d button. This can be found\u00a0<a href=\"https:\/\/cm.theisn.org\/cmPortal\/Portal\/FRBER\/normal\" target=\"_blank\" rel=\"noopener noreferrer\">here<\/a>.[\/vc_column_text][\/vc_column][\/vc_row][vc_row disable_element=&#8221;yes&#8221;][vc_column][vc_tta_accordion spacing=&#8221;5&#8243; gap=&#8221;5&#8243; c_position=&#8221;right&#8221; active_section=&#8221;1&#8243; collapsible_all=&#8221;true&#8221; el_class=&#8221;accordion-isn&#8221;][vc_tta_section title=&#8221;Registration Categories&#8221; tab_id=&#8221;1631631032618-1d0221ef-359a&#8221;][vc_column_text]<strong>Friends@WCN Registration:<\/strong><br \/>\nRegister a group of a minimum of five people and save 20%. Are you eligible? Find out <a href=\"https:\/\/www.theisn.org\/wcn\/wp-content\/uploads\/sites\/4\/2021\/10\/WCN22-Friends-at-WCN.pdf\" target=\"_blank\" rel=\"noopener noreferrer\">here<\/a>.[\/vc_column_text][\/vc_tta_section][vc_tta_section title=&#8221;Open-Access Sessions&#8221; tab_id=&#8221;1631630699184-c27a5de3-f56d&#8221;][vc_column_text]Some congress features will have open-access. These include the\u00a0<a href=\"https:\/\/www.theisn.org\/wcn\/features\/raising-the-curtain-sessions\/\" target=\"_blank\" rel=\"noopener noreferrer\">Raising-the-Curtains Sessions<\/a>, the\u00a0<a href=\"https:\/\/www.theisn.org\/wcn\/features\/global-kidney-policy-forum\/\" target=\"_blank\" rel=\"noopener noreferrer\">Global Kidney Policy Forum<\/a> (February 21-24, 2022), and the Industry Symposia (February 25-27, 2022). For participation in these features there will be no registration fee. Interested participants can register online via\u00a0<a href=\"https:\/\/cm.theisn.org\/cmPortal\/Account\/Login?ReturnUrl=%2FcmPortal%2FPortal%2FWCN2022%2Fnormal\" target=\"_blank\" rel=\"noopener noreferrer\">WCN Portal,<\/a> while in the system please click on the &#8220;Open-Access Sessions&#8221; registration button and follow the instructions.<\/p>\n<p>You will only have access to the Open-Access features, which does not include the pre-congress courses, congress program, networking activities, Poster Area, or Showcase.[\/vc_column_text][\/vc_tta_section][vc_tta_section title=&#8221;Terms and Conditions&#8221; tab_id=&#8221;1631716053051-37585f60-0f57&#8243;][vc_column_text]Please read the following Terms and Conditions before registering to WCN\u201922:<\/p>\n<ul>\n<li><a href=\"https:\/\/www.theisn.org\/wcn\/wp-content\/uploads\/sites\/4\/2021\/10\/WCN22-TC-Individual-Registration-Updated.pdf\" target=\"_blank\" rel=\"noopener noreferrer\">Terms and Conditions for Individual\u00a0Registrations\u00a0<\/a><\/li>\n<li><a href=\"https:\/\/www.theisn.org\/wcn\/wp-content\/uploads\/sites\/4\/2021\/10\/WCN22-TC-Group-Registration-VIRTUAL.pdf\" target=\"_blank\" rel=\"noopener noreferrer\">Terms and Conditions for Groups Registrations<\/a><\/li>\n<li><a href=\"https:\/\/www.theisn.org\/wcn\/wp-content\/uploads\/sites\/4\/2021\/10\/WCN22-TC-Friends-at-WCN-Registration-VIRTUAL.pdf\" target=\"_blank\" rel=\"noopener noreferrer\">Terms and Conditions for Friends@WCN Registrations<\/a><\/li>\n<\/ul>\n<p>[\/vc_column_text][\/vc_tta_section][vc_tta_section title=&#8221;Registration Team Contact&#8221; tab_id=&#8221;1631630699214-a25375a5-3b55&#8243;][vc_column_text]Email: <a href=\"mailto:registrationswcn@theisn.org\">registrationswcn@theisn.org<\/a><br \/>\nPhone: +32 2 808 71 81 (Mon to Fri, 9.30 am \u2013 5 pm CET)<\/p>\n<p>*Please note, due to COVID-19 the phones will not always be monitored. If you need assistance please contact us via email.[\/vc_column_text][\/vc_tta_section][\/vc_tta_accordion][\/vc_column][\/vc_row][vc_row][vc_column][vc_single_image image=&#8221;1200&#8243; img_size=&#8221;full&#8221; alignment=&#8221;center&#8221; onclick=&#8221;custom_link&#8221; img_link_target=&#8221;_blank&#8221; link=&#8221;https:\/\/www.theisn.org\/join-the-isn\/become-a-member\/&#8221;][\/vc_column][\/vc_row]<\/p>\n","protected":false},"excerpt":{"rendered":"<p>[vc_row][vc_column][vc_column_text][\/vc_column_text][vc_column_text]The ISN Frontiers Meeting \u2018Complement-related kidney diseases: classification, genetics, and treatment\u2019 was planned as an in-person meeting. All activities adhered fully to COVID-19 hygienic safety measures and procedures as mandated by local authorities and the venue.[\/vc_column_text][\/vc_column][\/vc_row][vc_row][vc_column][vc_column_text] Registration [\/vc_column_text][vc_column_text]Registrations to the ISN Frontiers Meeting in Bergamo is closed. All fees below are in EURO and do [&hellip;]<\/p>\n","protected":false},"author":5,"featured_media":0,"parent":3085,"menu_order":3,"comment_status":"closed","ping_status":"closed","template":"","meta":{"footnotes":""},"class_list":["post-2417","page","type-page","status-publish","hentry"],"yoast_head":"<!-- This site is optimized with the Yoast SEO plugin v14.9 - https:\/\/yoast.com\/wordpress\/plugins\/seo\/ -->\n<title>Registration - ISN Frontiers Meetings<\/title>\n<meta name=\"robots\" content=\"index, follow, max-snippet:-1, max-image-preview:large, max-video-preview:-1\" \/>\n<link rel=\"canonical\" href=\"https:\/\/www.theisn.org\/frontiers\/bergamo\/registration-and-practicalities\/registration\/\" \/>\n<meta property=\"og:locale\" content=\"en_US\" \/>\n<meta property=\"og:type\" content=\"article\" \/>\n<meta property=\"og:title\" content=\"Registration - ISN Frontiers Meetings\" \/>\n<meta property=\"og:description\" content=\"[vc_row][vc_column][vc_column_text][\/vc_column_text][vc_column_text]The ISN Frontiers Meeting \u2018Complement-related kidney diseases: classification, genetics, and treatment\u2019 was planned as an in-person meeting. All activities adhered fully to COVID-19 hygienic safety measures and procedures as mandated by local authorities and the venue.[\/vc_column_text][\/vc_column][\/vc_row][vc_row][vc_column][vc_column_text] Registration [\/vc_column_text][vc_column_text]Registrations to the ISN Frontiers Meeting in Bergamo is closed. All fees below are in EURO and do [&hellip;]\" \/>\n<meta property=\"og:url\" content=\"https:\/\/www.theisn.org\/frontiers\/bergamo\/registration-and-practicalities\/registration\/\" \/>\n<meta property=\"og:site_name\" content=\"ISN Frontiers Meetings\" \/>\n<meta property=\"article:modified_time\" content=\"2022-07-12T10:13:21+00:00\" \/>\n<meta name=\"twitter:card\" content=\"summary_large_image\" \/>\n<script type=\"application\/ld+json\" class=\"yoast-schema-graph\">{\"@context\":\"https:\/\/schema.org\",\"@graph\":[{\"@type\":\"WebSite\",\"@id\":\"https:\/\/www.theisn.org\/frontiers22\/#website\",\"url\":\"https:\/\/www.theisn.org\/frontiers22\/\",\"name\":\"ISN Frontiers Meetings\",\"description\":\"International Society of Nephrology - Frontiers meetings\",\"potentialAction\":[{\"@type\":\"SearchAction\",\"target\":\"https:\/\/www.theisn.org\/frontiers22\/?s={search_term_string}\",\"query-input\":\"required name=search_term_string\"}],\"inLanguage\":\"en-US\"},{\"@type\":\"WebPage\",\"@id\":\"https:\/\/www.theisn.org\/frontiers\/bergamo\/registration-and-practicalities\/registration\/#webpage\",\"url\":\"https:\/\/www.theisn.org\/frontiers\/bergamo\/registration-and-practicalities\/registration\/\",\"name\":\"Registration - ISN Frontiers Meetings\",\"isPartOf\":{\"@id\":\"https:\/\/www.theisn.org\/frontiers22\/#website\"},\"datePublished\":\"2020-08-14T09:28:41+00:00\",\"dateModified\":\"2022-07-12T10:13:21+00:00\",\"inLanguage\":\"en-US\",\"potentialAction\":[{\"@type\":\"ReadAction\",\"target\":[\"https:\/\/www.theisn.org\/frontiers\/bergamo\/registration-and-practicalities\/registration\/\"]}]}]}<\/script>\n<!-- \/ Yoast SEO plugin. -->","_links":{"self":[{"href":"https:\/\/www.theisn.org\/frontiers22\/wp-json\/wp\/v2\/pages\/2417"}],"collection":[{"href":"https:\/\/www.theisn.org\/frontiers22\/wp-json\/wp\/v2\/pages"}],"about":[{"href":"https:\/\/www.theisn.org\/frontiers22\/wp-json\/wp\/v2\/types\/page"}],"author":[{"embeddable":true,"href":"https:\/\/www.theisn.org\/frontiers22\/wp-json\/wp\/v2\/users\/5"}],"replies":[{"embeddable":true,"href":"https:\/\/www.theisn.org\/frontiers22\/wp-json\/wp\/v2\/comments?post=2417"}],"version-history":[{"count":8,"href":"https:\/\/www.theisn.org\/frontiers22\/wp-json\/wp\/v2\/pages\/2417\/revisions"}],"predecessor-version":[{"id":3969,"href":"https:\/\/www.theisn.org\/frontiers22\/wp-json\/wp\/v2\/pages\/2417\/revisions\/3969"}],"up":[{"embeddable":true,"href":"https:\/\/www.theisn.org\/frontiers22\/wp-json\/wp\/v2\/pages\/3085"}],"wp:attachment":[{"href":"https:\/\/www.theisn.org\/frontiers22\/wp-json\/wp\/v2\/media?parent=2417"}],"curies":[{"name":"wp","href":"https:\/\/api.w.org\/{rel}","templated":true}]}}