{"id":3166,"date":"2021-10-28T08:28:13","date_gmt":"2021-10-28T08:28:13","guid":{"rendered":"https:\/\/www.theisn.org\/frontiers\/?page_id=3166"},"modified":"2022-12-09T15:14:11","modified_gmt":"2022-12-09T15:14:11","slug":"registration","status":"publish","type":"page","link":"https:\/\/www.theisn.org\/frontiers22\/delhi\/registration\/","title":{"rendered":"Registration Key Dates"},"content":{"rendered":"<p>[vc_row][vc_column][vc_column_text]<\/p>\n<h3><strong>Registration Important Dates and Deadlines<\/strong><\/h3>\n<p>[\/vc_column_text][\/vc_column][\/vc_row][vc_row][vc_column width=&#8221;1\/3&#8243;]<div class=\"porto-ultimate-content-box-container \" ><div class=\"porto-ultimate-content-box vc_custom_1597396355674 has-content-pos justify-content-center\" style=\"background-color:#edeef9;box-shadow: none;border:1px solid #cfd3f9;\" data-hover_box_shadow=\"2px 2px 6px 3px #ededed\"  data-bg=\"#edeef9\">[vc_column_text css=&#8221;.vc_custom_1650546852289{padding-top: 14px !important;}&#8221;]<\/p>\n<p style=\"text-align: center\"><strong>June 23, 2022<br \/>\n<\/strong><strong>(at midnight CEST)<\/strong>:<br \/>\nEarly Bird Deadline<\/p>\n<p>[\/vc_column_text]<\/div><\/div>[\/vc_column][vc_column width=&#8221;1\/3&#8243;]<div class=\"porto-ultimate-content-box-container \" ><div class=\"porto-ultimate-content-box vc_custom_1597396355674 has-content-pos justify-content-center\" style=\"background-color:#edeef9;box-shadow: none;border:1px solid #cfd3f9;\" data-hover_box_shadow=\"2px 2px 6px 3px #ededed\"  data-bg=\"#edeef9\">[vc_column_text css=&#8221;.vc_custom_1650546840980{padding-top: 14px !important;}&#8221;]<\/p>\n<p style=\"text-align: center\"><strong>August 24, 2022<br \/>\n(at midnight CEST)<\/strong><br \/>\nRegular Registration Deadline<\/p>\n<p>[\/vc_column_text]<\/div><\/div>[\/vc_column][\/vc_row][vc_row][vc_column][vc_tta_accordion c_position=&#8221;right&#8221; active_section=&#8221;1&#8243; el_class=&#8221;accordion-isn&#8221;][vc_tta_section title=&#8221;The ISN Frontiers and COVID-19&#8243; tab_id=&#8221;covid&#8221;][vc_column_text]The ISN Frontiers Meeting in \u2018Infections and the Kidneys\u2019 is planned as an in-person meeting.<\/p>\n<p>The meeting will operate with enforced sanitary precautions and will be compliant with all other COVID-19 related safety measures including maximum social distancing. We closely monitor developments, consult with our hosts and local partners, and follow advice from national and international authorities in ensuring a secure and safe environment.[\/vc_column_text][\/vc_tta_section][vc_tta_section title=&#8221;Registration Team Contact Details&#8221; tab_id=&#8221;contact&#8221;][vc_column_text]Email:<a href=\"mailto:isnfrontiersdelhi@indiattitude.com\" target=\"_blank\" rel=\"noopener noreferrer\">isnfrontiersdelhi@indiattitude.com<\/a>[\/vc_column_text][\/vc_tta_section][vc_tta_section title=&#8221;CME Accreditation&#8221; tab_id=&#8221;accreditation&#8221;][vc_column_text]The\u00a0<strong>ISN 2022 Frontiers Meeting \u2018<\/strong><strong>Infections and the Kidneys\u2019<\/strong>, New Delhi, India, 22\/09\/2022-25\/09\/2022 has been accredited by the European Accreditation Council for Continuing Medical Education (EACCME\u00ae) with <strong>16 European CME credits<\/strong>\u00a0(ECMEC\u00aes). Each medical specialist should claim only those hours of credit that he\/she actually spent in the educational activity.<\/p>\n<p>Please find below the breakdown of ECMEC\u00aes per day:<\/p>\n<p>September 22, 2022 \u2013 1<\/p>\n<p>September\u00a0 23, 2022 \u2013 6.00<\/p>\n<p>September 24, 2022 \u2013 6.00<\/p>\n<p>September 25, 2022 \u2013 3.00<\/p>\n<p>Each medical specialist should claim only those hours of credit that he\/she actually spent in the educational activity. The EACCME\u00ae awards ECMEC\u00aes on the basis of 1 ECMEC\u00ae for one hour of CME with a maximum of 8 ECMEC\u00aes per day. Cf. Chapter X of UEMS 2016.20.<\/p>\n<p>Through an agreement between the Union Europ\u00e9enne des M\u00e9decins Sp\u00e9cialistes and the American Medical Association, physicians may convert EACCME\u00ae credits to an equivalent number of AMA PRA Category 1 CreditsTM. Information on the process to convert EACCME\u00ae credit to AMA credit can be found at www.ama-assn.org\/education\/earn-credit-participation-international-activities.<\/p>\n<p>Live educational activities, occurring outside of Canada, recognised by the UEMS-EACCME\u00ae for ECMEC\u00aes are deemed to be Accredited Group Learning Activities (Section 1) as defined by the Maintenance of Certification Program of the Royal College of Physicians and Surgeons of Canada.[\/vc_column_text][\/vc_tta_section][\/vc_tta_accordion][\/vc_column][\/vc_row]<\/p>\n","protected":false},"excerpt":{"rendered":"<p>[vc_row][vc_column][vc_column_text] Registration Important Dates and Deadlines [\/vc_column_text][\/vc_column][\/vc_row][vc_row][vc_column width=&#8221;1\/3&#8243;][\/vc_column][vc_column width=&#8221;1\/3&#8243;][\/vc_column][\/vc_row][vc_row][vc_column][vc_tta_accordion c_position=&#8221;right&#8221; active_section=&#8221;1&#8243; el_class=&#8221;accordion-isn&#8221;][vc_tta_section title=&#8221;The ISN Frontiers and COVID-19&#8243; tab_id=&#8221;covid&#8221;][vc_column_text]The ISN Frontiers Meeting in \u2018Infections and the Kidneys\u2019 is planned as an in-person meeting. The meeting will operate with enforced sanitary precautions and will be compliant with all other COVID-19 related safety measures including maximum social distancing. [&hellip;]<\/p>\n","protected":false},"author":2,"featured_media":0,"parent":3132,"menu_order":2,"comment_status":"closed","ping_status":"closed","template":"","meta":{"footnotes":""},"class_list":["post-3166","page","type-page","status-publish","hentry"],"yoast_head":"<!-- This site is optimized with the Yoast SEO plugin v14.9 - https:\/\/yoast.com\/wordpress\/plugins\/seo\/ -->\n<title>Registration Key Dates - ISN Frontiers Meetings<\/title>\n<meta name=\"robots\" content=\"index, follow, max-snippet:-1, max-image-preview:large, max-video-preview:-1\" \/>\n<link rel=\"canonical\" href=\"https:\/\/www.theisn.org\/frontiers\/delhi\/registration\/\" \/>\n<meta property=\"og:locale\" content=\"en_US\" \/>\n<meta property=\"og:type\" content=\"article\" \/>\n<meta property=\"og:title\" content=\"Registration Key Dates - ISN Frontiers Meetings\" \/>\n<meta property=\"og:description\" content=\"[vc_row][vc_column][vc_column_text] Registration Important Dates and Deadlines [\/vc_column_text][\/vc_column][\/vc_row][vc_row][vc_column width=&#8221;1\/3&#8243;][\/vc_column][vc_column width=&#8221;1\/3&#8243;][\/vc_column][\/vc_row][vc_row][vc_column][vc_tta_accordion c_position=&#8221;right&#8221; active_section=&#8221;1&#8243; el_class=&#8221;accordion-isn&#8221;][vc_tta_section title=&#8221;The ISN Frontiers and COVID-19&#8243; tab_id=&#8221;covid&#8221;][vc_column_text]The ISN Frontiers Meeting in \u2018Infections and the Kidneys\u2019 is planned as an in-person meeting. The meeting will operate with enforced sanitary precautions and will be compliant with all other COVID-19 related safety measures including maximum social distancing. [&hellip;]\" \/>\n<meta property=\"og:url\" content=\"https:\/\/www.theisn.org\/frontiers\/delhi\/registration\/\" \/>\n<meta property=\"og:site_name\" content=\"ISN Frontiers Meetings\" \/>\n<meta property=\"article:modified_time\" content=\"2022-12-09T15:14:11+00:00\" \/>\n<meta name=\"twitter:card\" content=\"summary_large_image\" \/>\n<script type=\"application\/ld+json\" class=\"yoast-schema-graph\">{\"@context\":\"https:\/\/schema.org\",\"@graph\":[{\"@type\":\"WebSite\",\"@id\":\"https:\/\/www.theisn.org\/frontiers22\/#website\",\"url\":\"https:\/\/www.theisn.org\/frontiers22\/\",\"name\":\"ISN Frontiers Meetings\",\"description\":\"International Society of Nephrology - Frontiers meetings\",\"potentialAction\":[{\"@type\":\"SearchAction\",\"target\":\"https:\/\/www.theisn.org\/frontiers22\/?s={search_term_string}\",\"query-input\":\"required name=search_term_string\"}],\"inLanguage\":\"en-US\"},{\"@type\":\"WebPage\",\"@id\":\"https:\/\/www.theisn.org\/frontiers\/delhi\/registration\/#webpage\",\"url\":\"https:\/\/www.theisn.org\/frontiers\/delhi\/registration\/\",\"name\":\"Registration Key Dates - ISN Frontiers Meetings\",\"isPartOf\":{\"@id\":\"https:\/\/www.theisn.org\/frontiers22\/#website\"},\"datePublished\":\"2021-10-28T08:28:13+00:00\",\"dateModified\":\"2022-12-09T15:14:11+00:00\",\"inLanguage\":\"en-US\",\"potentialAction\":[{\"@type\":\"ReadAction\",\"target\":[\"https:\/\/www.theisn.org\/frontiers\/delhi\/registration\/\"]}]}]}<\/script>\n<!-- \/ Yoast SEO plugin. -->","_links":{"self":[{"href":"https:\/\/www.theisn.org\/frontiers22\/wp-json\/wp\/v2\/pages\/3166"}],"collection":[{"href":"https:\/\/www.theisn.org\/frontiers22\/wp-json\/wp\/v2\/pages"}],"about":[{"href":"https:\/\/www.theisn.org\/frontiers22\/wp-json\/wp\/v2\/types\/page"}],"author":[{"embeddable":true,"href":"https:\/\/www.theisn.org\/frontiers22\/wp-json\/wp\/v2\/users\/2"}],"replies":[{"embeddable":true,"href":"https:\/\/www.theisn.org\/frontiers22\/wp-json\/wp\/v2\/comments?post=3166"}],"version-history":[{"count":7,"href":"https:\/\/www.theisn.org\/frontiers22\/wp-json\/wp\/v2\/pages\/3166\/revisions"}],"predecessor-version":[{"id":4729,"href":"https:\/\/www.theisn.org\/frontiers22\/wp-json\/wp\/v2\/pages\/3166\/revisions\/4729"}],"up":[{"embeddable":true,"href":"https:\/\/www.theisn.org\/frontiers22\/wp-json\/wp\/v2\/pages\/3132"}],"wp:attachment":[{"href":"https:\/\/www.theisn.org\/frontiers22\/wp-json\/wp\/v2\/media?parent=3166"}],"curies":[{"name":"wp","href":"https:\/\/api.w.org\/{rel}","templated":true}]}}