{"id":4411,"date":"2022-09-13T11:02:05","date_gmt":"2022-09-13T11:02:05","guid":{"rendered":"https:\/\/www.theisn.org\/frontiers\/?page_id=4411"},"modified":"2022-09-25T09:37:14","modified_gmt":"2022-09-25T09:37:14","slug":"cme-accreditation","status":"publish","type":"page","link":"https:\/\/www.theisn.org\/frontiers22\/delhi\/program\/cme-accreditation\/","title":{"rendered":"CME Accreditation"},"content":{"rendered":"<p>[vc_row][vc_column][vc_column_text]<\/p>\n<h2>DMC Credits<\/h2>\n<p>[\/vc_column_text][vc_column_text]<strong>Accreditation by the Delhi Medical Council (DMC) <\/strong><\/p>\n<p>Participants are required to maintain a record of CME Credit Hours in their CME Credit Passbooks. These are available on www.delhimedicalcouncil.org in a downloadable format.[\/vc_column_text][vc_column_text]Hours:<\/p>\n<ul>\n<li>Thursday, September 22 &#8211; 50 minutes<\/li>\n<li>Friday, September 23 &#8211; 6 hours and 30 minutes<\/li>\n<li>Saturday, September 24 &#8211; 7 hours<\/li>\n<li>Sunday, September 25 &#8211; 3 hours and 30 minutes<\/li>\n<\/ul>\n<p>[\/vc_column_text][\/vc_column][\/vc_row][vc_row][vc_column][vc_column_text]<\/p>\n<h2>European Medical Credits<\/h2>\n<p>[\/vc_column_text][\/vc_column][\/vc_row][vc_row][vc_column][vc_column_text]<\/p>\n<h3>Claiming Your Credits<\/h3>\n<p>[\/vc_column_text][vc_column_text]Note that participants will ONLY be able to get CME points for the days on which they have scanned their badge at the \u201cCME accreditation badge scanning zone\u201d.<\/p>\n<p>To request your CME Certificate:<\/p>\n<ul>\n<li>Complete a feedback survey to access your certificate. This is mandatory and required by EACCME\u00ae. To access the survey please link<em><strong> <a href=\"https:\/\/www.surveymonkey.com\/r\/CJLZPJM\" target=\"_blank\" rel=\"noopener noreferrer\">here<\/a>.<\/strong><\/em><\/li>\n<li>Once your survey is completed please email frontiers@theisn.org<\/li>\n<li>ISN staff will then create your certificate and email this to you<\/li>\n<\/ul>\n<p>[\/vc_column_text][vc_column_text]The <strong>ISN 2022 Frontiers Meeting \u2018<\/strong><strong>Infections and the Kidneys\u2019<\/strong>, New Delhi, India, 22\/09\/2022-25\/09\/2022 has been accredited by the European Accreditation Council for Continuing Medical Education (EACCME\u00ae) with\u00a0<strong>16 European CME credits<\/strong>\u00a0(ECMEC\u00aes). Each medical specialist should claim only those hours of credit that he\/she actually spent in the educational activity.<\/p>\n<p>Please find below the breakdown of ECMEC\u00aes per day:<\/p>\n<p>September 22, 2022 \u2013 1.00<\/p>\n<p>September\u00a0 23, 2022 \u2013 6.00<\/p>\n<p>September 24, 2022 \u2013 6.00<\/p>\n<p>September 25, 2022 \u2013 3.00<\/p>\n<p>Each medical specialist should claim only those hours of credit that he\/she actually spent in the educational activity. The EACCME\u00ae awards ECMEC\u00aes on the basis of 1 ECMEC\u00ae for one hour of CME with a maximum of 8 ECMEC\u00aes per day. Cf. Chapter X of UEMS 2016.20.<\/p>\n<p>Through an agreement between the Union Europ\u00e9enne des M\u00e9decins Sp\u00e9cialistes and the American Medical Association, physicians may convert EACCME\u00ae credits to an equivalent number of AMA PRA Category 1 CreditsTM. Information on the process to convert EACCME\u00ae credit to AMA credit can be found at www.ama-assn.org\/education\/earn-credit-participation-international-activities.<\/p>\n<p>Live educational activities, occurring outside of Canada, recognised by the UEMS-EACCME\u00ae for ECMEC\u00aes are deemed to be Accredited Group Learning Activities (Section 1) as defined by the Maintenance of Certification Program of the Royal College of Physicians and Surgeons of Canada.[\/vc_column_text][\/vc_column][\/vc_row]<\/p>\n","protected":false},"excerpt":{"rendered":"<p>[vc_row][vc_column][vc_column_text] DMC Credits [\/vc_column_text][vc_column_text]Accreditation by the Delhi Medical Council (DMC) Participants are required to maintain a record of CME Credit Hours in their CME Credit Passbooks. These are available on www.delhimedicalcouncil.org in a downloadable format.[\/vc_column_text][vc_column_text]Hours: Thursday, September 22 &#8211; 50 minutes Friday, September 23 &#8211; 6 hours and 30 minutes Saturday, September 24 &#8211; 7 [&hellip;]<\/p>\n","protected":false},"author":2,"featured_media":0,"parent":4211,"menu_order":1,"comment_status":"closed","ping_status":"closed","template":"","meta":{"footnotes":""},"class_list":["post-4411","page","type-page","status-publish","hentry"],"yoast_head":"<!-- This site is optimized with the Yoast SEO plugin v14.9 - https:\/\/yoast.com\/wordpress\/plugins\/seo\/ -->\n<title>CME Accreditation - ISN Frontiers Meetings<\/title>\n<meta name=\"robots\" content=\"index, follow, max-snippet:-1, max-image-preview:large, max-video-preview:-1\" \/>\n<link rel=\"canonical\" href=\"https:\/\/www.theisn.org\/frontiers\/delhi\/program\/cme-accreditation\/\" \/>\n<meta property=\"og:locale\" content=\"en_US\" \/>\n<meta property=\"og:type\" content=\"article\" \/>\n<meta property=\"og:title\" content=\"CME Accreditation - ISN Frontiers Meetings\" \/>\n<meta property=\"og:description\" content=\"[vc_row][vc_column][vc_column_text] DMC Credits [\/vc_column_text][vc_column_text]Accreditation by the Delhi Medical Council (DMC) Participants are required to maintain a record of CME Credit Hours in their CME Credit Passbooks. These are available on www.delhimedicalcouncil.org in a downloadable format.[\/vc_column_text][vc_column_text]Hours: Thursday, September 22 &#8211; 50 minutes Friday, September 23 &#8211; 6 hours and 30 minutes Saturday, September 24 &#8211; 7 [&hellip;]\" \/>\n<meta property=\"og:url\" content=\"https:\/\/www.theisn.org\/frontiers\/delhi\/program\/cme-accreditation\/\" \/>\n<meta property=\"og:site_name\" content=\"ISN Frontiers Meetings\" \/>\n<meta property=\"article:modified_time\" content=\"2022-09-25T09:37:14+00:00\" \/>\n<meta name=\"twitter:card\" content=\"summary_large_image\" \/>\n<script type=\"application\/ld+json\" class=\"yoast-schema-graph\">{\"@context\":\"https:\/\/schema.org\",\"@graph\":[{\"@type\":\"WebSite\",\"@id\":\"https:\/\/www.theisn.org\/frontiers22\/#website\",\"url\":\"https:\/\/www.theisn.org\/frontiers22\/\",\"name\":\"ISN Frontiers Meetings\",\"description\":\"International Society of Nephrology - Frontiers meetings\",\"potentialAction\":[{\"@type\":\"SearchAction\",\"target\":\"https:\/\/www.theisn.org\/frontiers22\/?s={search_term_string}\",\"query-input\":\"required name=search_term_string\"}],\"inLanguage\":\"en-US\"},{\"@type\":\"WebPage\",\"@id\":\"https:\/\/www.theisn.org\/frontiers\/delhi\/program\/cme-accreditation\/#webpage\",\"url\":\"https:\/\/www.theisn.org\/frontiers\/delhi\/program\/cme-accreditation\/\",\"name\":\"CME Accreditation - ISN Frontiers Meetings\",\"isPartOf\":{\"@id\":\"https:\/\/www.theisn.org\/frontiers22\/#website\"},\"datePublished\":\"2022-09-13T11:02:05+00:00\",\"dateModified\":\"2022-09-25T09:37:14+00:00\",\"inLanguage\":\"en-US\",\"potentialAction\":[{\"@type\":\"ReadAction\",\"target\":[\"https:\/\/www.theisn.org\/frontiers\/delhi\/program\/cme-accreditation\/\"]}]}]}<\/script>\n<!-- \/ Yoast SEO plugin. -->","_links":{"self":[{"href":"https:\/\/www.theisn.org\/frontiers22\/wp-json\/wp\/v2\/pages\/4411"}],"collection":[{"href":"https:\/\/www.theisn.org\/frontiers22\/wp-json\/wp\/v2\/pages"}],"about":[{"href":"https:\/\/www.theisn.org\/frontiers22\/wp-json\/wp\/v2\/types\/page"}],"author":[{"embeddable":true,"href":"https:\/\/www.theisn.org\/frontiers22\/wp-json\/wp\/v2\/users\/2"}],"replies":[{"embeddable":true,"href":"https:\/\/www.theisn.org\/frontiers22\/wp-json\/wp\/v2\/comments?post=4411"}],"version-history":[{"count":5,"href":"https:\/\/www.theisn.org\/frontiers22\/wp-json\/wp\/v2\/pages\/4411\/revisions"}],"predecessor-version":[{"id":4625,"href":"https:\/\/www.theisn.org\/frontiers22\/wp-json\/wp\/v2\/pages\/4411\/revisions\/4625"}],"up":[{"embeddable":true,"href":"https:\/\/www.theisn.org\/frontiers22\/wp-json\/wp\/v2\/pages\/4211"}],"wp:attachment":[{"href":"https:\/\/www.theisn.org\/frontiers22\/wp-json\/wp\/v2\/media?parent=4411"}],"curies":[{"name":"wp","href":"https:\/\/api.w.org\/{rel}","templated":true}]}}