{"id":2511,"date":"2020-08-06T07:19:26","date_gmt":"2020-08-06T07:19:26","guid":{"rendered":"https:\/\/demo.theisn.org\/wcn\/?page_id=2511"},"modified":"2021-04-27T11:25:43","modified_gmt":"2021-04-27T11:25:43","slug":"about","status":"publish","type":"page","link":"https:\/\/www.theisn.org\/wcn21\/about\/","title":{"rendered":"About"},"content":{"rendered":"<p>[vc_row][vc_column][vc_column_text]Taking place online,\u00a0<strong>Virtual WCN\u201921<\/strong><span data-contrast=\"none\"> opened the congress to thousands of participants, including the world\u2019s leading experts in kidney health care, to exchange the latest science and discuss the newest clinical applications designed to improve kidney health and prevent kidney disease worldwide.<\/span><span data-ccp-props=\"{&quot;134233117&quot;:true,&quot;134233118&quot;:true,&quot;201341983&quot;:0,&quot;335559739&quot;:160,&quot;335559740&quot;:240}\">\u00a0<\/span><span data-contrast=\"none\">Virtual WCN\u201921 delivered the <\/span><strong>high-quality educational experiences and opportunities for scientific discovery, networking, and professional development<\/strong><span data-contrast=\"none\"> that participants have come to expect, in fresh formats, <\/span><span data-contrast=\"none\">at their fingertips and on-demand.<\/span><\/p>\n<p>A special part of Virtual WCN\u201921, the ISN <strong>Community Film Event<\/strong> was held between March 11 and April 19. Out of <a href=\"https:\/\/www.theisn.org\/wcn\/program\/isn-community-film-event\/#1612956061393-2e958993-0314\"><span data-ccp-charstyle=\"Hyperlink\">34 entries from all over the world<\/span><\/a><span data-contrast=\"none\">, a selection of seven short films have been selected to compete for the 2021 Award. The winners have been announced at WCN\u201921.\u00a0<\/span><\/p>\n<p><strong>One registration fee<\/strong> opened access to a rich week-long <a href=\"https:\/\/www.theisn.org\/wcn\/program\/\"><span data-ccp-charstyle=\"Hyperlink\">congress\u00a0program<\/span><\/a><span data-contrast=\"none\"> with pre-congress courses and other activities including the Film Event, Global Kidney Policy Forum, 45+ congress sessions, <a href=\"https:\/\/www.theisn.org\/wcn\/exhibition-industry\/\">industry\u00a0sessions and showcase<\/a>, and <a href=\"https:\/\/www.theisn.org\/wcn\/news-media\/networking\/\">networking<\/a> with participants from around the world. <\/span><\/p>\n<p>Have you missed the Virtual WCN\u201921 congress but would like to have access to the on-demand content?\u00a0 Take advantage of our special \u201cOn-demand\u201d registration fee to access Virtual WCN\u201921 until May 30, 2021. Please find more information <a href=\"https:\/\/www.theisn.org\/wcn\/registration-practicalities\/\">here<\/a>.<\/p>\n<h3><strong>CONGRESS NEWS\u00a0<\/strong><\/h3>\n<p>Check our congress newsletters for a preview of the top science, events and networking available during Virtual WCN&#8217;21: <a href=\"https:\/\/www.theisn.org\/wcn\/pre-congress-newsletter\/\">February Newsletter, <\/a><a href=\"https:\/\/www.theisn.org\/wcn\/pre-congress-newsletter-march\/\">March Newsletter<\/a><\/p>\n<h3><strong>CONGRESS HOSTS<\/strong><\/h3>\n<p>The World Congress of Nephrology 2021 (WCN\u201921) was organized by the International Society of Nephrology (ISN), hosted by the Canadian Society of Nephrology (CSN) and la Soci\u00e9t\u00e9 Qu\u00e9b\u00e9coise de <span data-contrast=\"none\">N\u00e9phrologie<\/span><span data-contrast=\"none\">\u00a0(SQN).<\/span><span data-ccp-props=\"{&quot;134233117&quot;:true,&quot;134233118&quot;:true,&quot;201341983&quot;:0,&quot;335559739&quot;:160,&quot;335559740&quot;:240}\">\u00a0<\/span>[\/vc_column_text][\/vc_column][\/vc_row][vc_row][vc_column][vc_column_text]<\/p>\n<h3><strong>CONGRESS PODCAST<\/strong><\/h3>\n<p>A special series of the popular ISN Global Kidney Care podcast were recorded daily during the congress. Organized by the ISN Education Team, they discussed the events of the day with special guests. Podcasts are published on ISN Academy and various platforms (Apple, Stitcher, Deezer, Spotify).<\/p>\n<p>Listen to the episodes here:[\/vc_column_text][\/vc_column][\/vc_row][vc_row][vc_column width=&#8221;1\/6&#8243;][vc_btn title=&#8221;Pre-Congress&#8221; color=&#8221;pink&#8221; i_icon_fontawesome=&#8221;fas fa-headphones-alt&#8221; add_icon=&#8221;true&#8221; link=&#8221;url:https%3A%2F%2Fgkcbyisn.buzzsprout.com%2F854974%2F8259934-episode-9-wcn-21-conversations-with-speakers-on-aki-pd-capacity-building-and-gender-presented-by-travere-therapeutics|||&#8221;][\/vc_column][vc_column width=&#8221;1\/6&#8243;][vc_btn title=&#8221;Day 1&#8243; color=&#8221;pink&#8221; i_icon_fontawesome=&#8221;fas fa-headphones-alt&#8221; add_icon=&#8221;true&#8221; link=&#8221;url:https%3A%2F%2Fgkcbyisn.buzzsprout.com%2F854974%2F8321725-episode-10-wcn-21-conversations-with-presenters-on-pd-presented-by-travere-therapeutics|||&#8221;][\/vc_column][vc_column width=&#8221;1\/6&#8243;][vc_btn title=&#8221;Day 2&#8243; color=&#8221;pink&#8221; i_icon_fontawesome=&#8221;fas fa-headphones-alt&#8221; add_icon=&#8221;true&#8221; link=&#8221;url:https%3A%2F%2Fgkcbyisn.buzzsprout.com%2F854974%2F8341037-episode-11-wcn-21-conversations-with-presenters-on-capacity-building-presented-by-travere-therapeutics|||&#8221;][\/vc_column][vc_column width=&#8221;1\/6&#8243;][vc_btn title=&#8221;Day 3&#8243; color=&#8221;pink&#8221; i_icon_fontawesome=&#8221;fas fa-headphones-alt&#8221; add_icon=&#8221;true&#8221; link=&#8221;url:https%3A%2F%2Fgkcbyisn.buzzsprout.com%2F854974%2F8341504-episode-12-wcn-21-conversations-with-presenters-on-gender-presented-by-travere-therapeutics|||&#8221;][\/vc_column][vc_column width=&#8221;1\/6&#8243;][vc_btn title=&#8221;Day 4&#8243; color=&#8221;pink&#8221; i_icon_fontawesome=&#8221;fas fa-headphones-alt&#8221; add_icon=&#8221;true&#8221; link=&#8221;url:https%3A%2F%2Fgkcbyisn.buzzsprout.com%2F854974%2F8320365-episode-13-wcn-21-conversations-with-presenters-on-aki-presented-by-travere-therapeutics|||&#8221;][\/vc_column][vc_column width=&#8221;1\/6&#8243;][vc_btn title=&#8221;Post-Congress&#8221; i_icon_fontawesome=&#8221;fas fa-headphones-alt&#8221; add_icon=&#8221;true&#8221;][\/vc_column][\/vc_row][vc_row][vc_column][vc_column_text]Podcast series supported by <img loading=\"lazy\" decoding=\"async\" class=\"alignnone size-full wp-image-5677\" src=\"https:\/\/www.theisn.org\/wcn\/wp-content\/uploads\/sites\/2\/2021\/03\/logo-travere.jpg\" alt=\"\" width=\"142\" height=\"35\" \/>[\/vc_column_text][vc_column_text]<\/p>\n<h3><strong>REGISTRATION NOTICE<\/strong><\/h3>\n<p>The ISN has been made aware that several unofficial organizations offer registration and other services related to WCN&#8217;21. Please note that only the official WCN partners listed on this website are authorized to provide these services. You are strongly advised not to transmit confidential or payment details to sites that advertise the <em>World Nephrology Congress<\/em> or <em>World Congress on Nephrology<\/em>. ISN is not associated with these congresses. Please contact <a href=\"mailto:registrationswcn@theisn.org\">registrationswcn@theisn.org<\/a> if you have any doubts or concerns.[\/vc_column_text][\/vc_column][\/vc_row]<\/p>\n","protected":false},"excerpt":{"rendered":"<p>[vc_row][vc_column][vc_column_text]Taking place online,\u00a0Virtual WCN\u201921 opened the congress to thousands of participants, including the world\u2019s leading experts in kidney health care, to exchange the latest science and discuss the newest clinical applications designed to improve kidney health and prevent kidney disease worldwide.\u00a0Virtual WCN\u201921 delivered the high-quality educational experiences and opportunities for scientific discovery, networking, and professional [&hellip;]<\/p>\n","protected":false},"author":5,"featured_media":0,"parent":0,"menu_order":0,"comment_status":"closed","ping_status":"closed","template":"","meta":{"footnotes":""},"class_list":["post-2511","page","type-page","status-publish","hentry"],"yoast_head":"<!-- This site is optimized with the Yoast SEO plugin v14.9 - https:\/\/yoast.com\/wordpress\/plugins\/seo\/ -->\n<title>About - World Congress of Nephrology<\/title>\n<meta name=\"robots\" content=\"index, follow, max-snippet:-1, max-image-preview:large, max-video-preview:-1\" \/>\n<link rel=\"canonical\" href=\"https:\/\/www.theisn.org\/wcn\/about\/\" \/>\n<meta property=\"og:locale\" content=\"en_US\" \/>\n<meta property=\"og:type\" content=\"article\" \/>\n<meta property=\"og:title\" content=\"About - World Congress of Nephrology\" \/>\n<meta property=\"og:description\" content=\"[vc_row][vc_column][vc_column_text]Taking place online,\u00a0Virtual WCN\u201921 opened the congress to thousands of participants, including the world\u2019s leading experts in kidney health care, to exchange the latest science and discuss the newest clinical applications designed to improve kidney health and prevent kidney disease worldwide.\u00a0Virtual WCN\u201921 delivered the high-quality educational experiences and opportunities for scientific discovery, networking, and professional [&hellip;]\" \/>\n<meta property=\"og:url\" content=\"https:\/\/www.theisn.org\/wcn\/about\/\" \/>\n<meta property=\"og:site_name\" content=\"World Congress of Nephrology\" \/>\n<meta property=\"article:modified_time\" content=\"2021-04-27T11:25:43+00:00\" \/>\n<meta property=\"og:image\" content=\"https:\/\/www.theisn.org\/wcn\/wp-content\/uploads\/sites\/2\/2021\/03\/logo-travere.jpg\" \/>\n<meta name=\"twitter:card\" content=\"summary_large_image\" \/>\n<script type=\"application\/ld+json\" class=\"yoast-schema-graph\">{\"@context\":\"https:\/\/schema.org\",\"@graph\":[{\"@type\":\"WebSite\",\"@id\":\"https:\/\/www.theisn.org\/wcn21\/#website\",\"url\":\"https:\/\/www.theisn.org\/wcn21\/\",\"name\":\"World Congress of Nephrology\",\"description\":\"International Society of Nephrology - wcn\",\"potentialAction\":[{\"@type\":\"SearchAction\",\"target\":\"https:\/\/www.theisn.org\/wcn21\/?s={search_term_string}\",\"query-input\":\"required name=search_term_string\"}],\"inLanguage\":\"en-US\"},{\"@type\":\"ImageObject\",\"@id\":\"https:\/\/www.theisn.org\/wcn\/about\/#primaryimage\",\"inLanguage\":\"en-US\",\"url\":\"https:\/\/www.theisn.org\/wcn\/wp-content\/uploads\/sites\/2\/2021\/03\/logo-travere.jpg\"},{\"@type\":\"WebPage\",\"@id\":\"https:\/\/www.theisn.org\/wcn\/about\/#webpage\",\"url\":\"https:\/\/www.theisn.org\/wcn\/about\/\",\"name\":\"About - World Congress of Nephrology\",\"isPartOf\":{\"@id\":\"https:\/\/www.theisn.org\/wcn21\/#website\"},\"primaryImageOfPage\":{\"@id\":\"https:\/\/www.theisn.org\/wcn\/about\/#primaryimage\"},\"datePublished\":\"2020-08-06T07:19:26+00:00\",\"dateModified\":\"2021-04-27T11:25:43+00:00\",\"inLanguage\":\"en-US\",\"potentialAction\":[{\"@type\":\"ReadAction\",\"target\":[\"https:\/\/www.theisn.org\/wcn\/about\/\"]}]}]}<\/script>\n<!-- \/ Yoast SEO plugin. -->","_links":{"self":[{"href":"https:\/\/www.theisn.org\/wcn21\/wp-json\/wp\/v2\/pages\/2511"}],"collection":[{"href":"https:\/\/www.theisn.org\/wcn21\/wp-json\/wp\/v2\/pages"}],"about":[{"href":"https:\/\/www.theisn.org\/wcn21\/wp-json\/wp\/v2\/types\/page"}],"author":[{"embeddable":true,"href":"https:\/\/www.theisn.org\/wcn21\/wp-json\/wp\/v2\/users\/5"}],"replies":[{"embeddable":true,"href":"https:\/\/www.theisn.org\/wcn21\/wp-json\/wp\/v2\/comments?post=2511"}],"version-history":[{"count":8,"href":"https:\/\/www.theisn.org\/wcn21\/wp-json\/wp\/v2\/pages\/2511\/revisions"}],"predecessor-version":[{"id":6393,"href":"https:\/\/www.theisn.org\/wcn21\/wp-json\/wp\/v2\/pages\/2511\/revisions\/6393"}],"wp:attachment":[{"href":"https:\/\/www.theisn.org\/wcn21\/wp-json\/wp\/v2\/media?parent=2511"}],"curies":[{"name":"wp","href":"https:\/\/api.w.org\/{rel}","templated":true}]}}