{"id":2528,"date":"2020-08-06T07:38:18","date_gmt":"2020-08-06T07:38:18","guid":{"rendered":"https:\/\/demo.theisn.org\/wcn\/?page_id=2528"},"modified":"2021-01-08T14:52:48","modified_gmt":"2021-01-08T14:52:48","slug":"hosts","status":"publish","type":"page","link":"https:\/\/www.theisn.org\/wcn21\/about\/hosts\/","title":{"rendered":"Hosts"},"content":{"rendered":"<p>[vc_row][vc_column width=&#8221;1\/2&#8243;][vc_single_image image=&#8221;2519&#8243; img_size=&#8221;528X124&#8243; onclick=&#8221;custom_link&#8221; img_link_target=&#8221;_blank&#8221; link=&#8221;https:\/\/www.csnscn.ca\/&#8221; label=&#8221;&#8221;][\/vc_column][vc_column width=&#8221;1\/2&#8243;][vc_column_text]<\/p>\n<h3><strong>Canadian Society of Nephrology (CSN)<\/strong><\/h3>\n<p>The Canadian Society of Nephrology comprises physicians and scientists specializing in the care of people with kidney disease and kidney-related research. It advocates for Canadians with or at risk of kidney disease to receive optimal patient-centered care and achieve best outcomes.<\/p>\n<h3>La Soci\u00e9t\u00e9 canadienne de n\u00e9phrologie<\/h3>\n<p>La Soci\u00e9t\u00e9 canadienne de n\u00e9phrologie est une soci\u00e9t\u00e9 de m\u00e9decins et de scientifiques sp\u00e9cialis\u00e9e dans les soins aux personnes atteintes d&#8217;insuffisance r\u00e9nale et dans la recherche li\u00e9e aux reins et aux maladies r\u00e9nales. Notre vision est que tous les Canadiens atteints ou \u00e0 risque de maladie r\u00e9nale recevront des soins optimaux ax\u00e9s sur le patient et obtiendront les meilleurs r\u00e9sultats.<\/p>\n<p>[\/vc_column_text][\/vc_column][\/vc_row][vc_row][vc_column width=&#8221;1\/2&#8243;][vc_single_image image=&#8221;2520&#8243; img_size=&#8221;350&#215;202&#8243; onclick=&#8221;custom_link&#8221; img_link_target=&#8221;_blank&#8221; link=&#8221;https:\/\/sqn.qc.ca\/&#8221; label=&#8221;&#8221;][\/vc_column][vc_column width=&#8221;1\/2&#8243;][vc_column_text]<\/p>\n<h3><strong>La Soci\u00e9t\u00e9 qu\u00e9b\u00e9coise de N\u00e9phrologie (SQN)<\/strong><\/h3>\n<p>La Soci\u00e9t\u00e9 qu\u00e9b\u00e9coise de n\u00e9phrologie vise \u00e0 promouvoir l\u2019enseignement, la recherche et la formation continue aupr\u00e8s des n\u00e9phrologues et de tous ceux et celles qui s\u2019int\u00e9ressent \u00e0 la n\u00e9phrologie au Qu\u00e9bec.<\/p>\n<h3><strong>The Quebec Society of Nephrology<\/strong><\/h3>\n<p>The Quebec Society of Nephrology promotes training, research, and continuing education for nephrologists and others interested in kidney disease in Quebec.[\/vc_column_text][\/vc_column][\/vc_row]<\/p>\n","protected":false},"excerpt":{"rendered":"<p>[vc_row][vc_column width=&#8221;1\/2&#8243;][vc_single_image image=&#8221;2519&#8243; img_size=&#8221;528X124&#8243; onclick=&#8221;custom_link&#8221; img_link_target=&#8221;_blank&#8221; link=&#8221;https:\/\/www.csnscn.ca\/&#8221; label=&#8221;&#8221;][\/vc_column][vc_column width=&#8221;1\/2&#8243;][vc_column_text] Canadian Society of Nephrology (CSN) The Canadian Society of Nephrology comprises physicians and scientists specializing in the care of people with kidney disease and kidney-related research. It advocates for Canadians with or at risk of kidney disease to receive optimal patient-centered care and achieve best outcomes. [&hellip;]<\/p>\n","protected":false},"author":5,"featured_media":0,"parent":2511,"menu_order":1,"comment_status":"closed","ping_status":"closed","template":"","meta":{"footnotes":""},"class_list":["post-2528","page","type-page","status-publish","hentry"],"yoast_head":"<!-- This site is optimized with the Yoast SEO plugin v14.9 - https:\/\/yoast.com\/wordpress\/plugins\/seo\/ -->\n<title>Hosts - World Congress of Nephrology<\/title>\n<meta name=\"robots\" content=\"index, follow, max-snippet:-1, max-image-preview:large, max-video-preview:-1\" \/>\n<link rel=\"canonical\" href=\"https:\/\/www.theisn.org\/wcn\/about\/hosts\/\" \/>\n<meta property=\"og:locale\" content=\"en_US\" \/>\n<meta property=\"og:type\" content=\"article\" \/>\n<meta property=\"og:title\" content=\"Hosts - World Congress of Nephrology\" \/>\n<meta property=\"og:description\" content=\"[vc_row][vc_column width=&#8221;1\/2&#8243;][vc_single_image image=&#8221;2519&#8243; img_size=&#8221;528X124&#8243; onclick=&#8221;custom_link&#8221; img_link_target=&#8221;_blank&#8221; link=&#8221;https:\/\/www.csnscn.ca\/&#8221; label=&#8221;&#8221;][\/vc_column][vc_column width=&#8221;1\/2&#8243;][vc_column_text] Canadian Society of Nephrology (CSN) The Canadian Society of Nephrology comprises physicians and scientists specializing in the care of people with kidney disease and kidney-related research. It advocates for Canadians with or at risk of kidney disease to receive optimal patient-centered care and achieve best outcomes. [&hellip;]\" \/>\n<meta property=\"og:url\" content=\"https:\/\/www.theisn.org\/wcn\/about\/hosts\/\" \/>\n<meta property=\"og:site_name\" content=\"World Congress of Nephrology\" \/>\n<meta property=\"article:modified_time\" content=\"2021-01-08T14:52:48+00:00\" \/>\n<meta property=\"og:image\" content=\"https:\/\/www.theisn.org\/wcn21\/wp-content\/uploads\/sites\/2\/2021\/01\/wcn21.jpg\" \/>\n\t<meta property=\"og:image:width\" content=\"600\" \/>\n\t<meta property=\"og:image:height\" content=\"600\" \/>\n<meta name=\"twitter:card\" content=\"summary_large_image\" \/>\n<script type=\"application\/ld+json\" class=\"yoast-schema-graph\">{\"@context\":\"https:\/\/schema.org\",\"@graph\":[{\"@type\":\"WebSite\",\"@id\":\"https:\/\/www.theisn.org\/wcn21\/#website\",\"url\":\"https:\/\/www.theisn.org\/wcn21\/\",\"name\":\"World Congress of Nephrology\",\"description\":\"International Society of Nephrology - wcn\",\"potentialAction\":[{\"@type\":\"SearchAction\",\"target\":\"https:\/\/www.theisn.org\/wcn21\/?s={search_term_string}\",\"query-input\":\"required name=search_term_string\"}],\"inLanguage\":\"en-US\"},{\"@type\":\"WebPage\",\"@id\":\"https:\/\/www.theisn.org\/wcn\/about\/hosts\/#webpage\",\"url\":\"https:\/\/www.theisn.org\/wcn\/about\/hosts\/\",\"name\":\"Hosts - World Congress of Nephrology\",\"isPartOf\":{\"@id\":\"https:\/\/www.theisn.org\/wcn21\/#website\"},\"datePublished\":\"2020-08-06T07:38:18+00:00\",\"dateModified\":\"2021-01-08T14:52:48+00:00\",\"inLanguage\":\"en-US\",\"potentialAction\":[{\"@type\":\"ReadAction\",\"target\":[\"https:\/\/www.theisn.org\/wcn\/about\/hosts\/\"]}]}]}<\/script>\n<!-- \/ Yoast SEO plugin. -->","_links":{"self":[{"href":"https:\/\/www.theisn.org\/wcn21\/wp-json\/wp\/v2\/pages\/2528"}],"collection":[{"href":"https:\/\/www.theisn.org\/wcn21\/wp-json\/wp\/v2\/pages"}],"about":[{"href":"https:\/\/www.theisn.org\/wcn21\/wp-json\/wp\/v2\/types\/page"}],"author":[{"embeddable":true,"href":"https:\/\/www.theisn.org\/wcn21\/wp-json\/wp\/v2\/users\/5"}],"replies":[{"embeddable":true,"href":"https:\/\/www.theisn.org\/wcn21\/wp-json\/wp\/v2\/comments?post=2528"}],"version-history":[{"count":10,"href":"https:\/\/www.theisn.org\/wcn21\/wp-json\/wp\/v2\/pages\/2528\/revisions"}],"predecessor-version":[{"id":3337,"href":"https:\/\/www.theisn.org\/wcn21\/wp-json\/wp\/v2\/pages\/2528\/revisions\/3337"}],"up":[{"embeddable":true,"href":"https:\/\/www.theisn.org\/wcn21\/wp-json\/wp\/v2\/pages\/2511"}],"wp:attachment":[{"href":"https:\/\/www.theisn.org\/wcn21\/wp-json\/wp\/v2\/media?parent=2528"}],"curies":[{"name":"wp","href":"https:\/\/api.w.org\/{rel}","templated":true}]}}