{"id":2540,"date":"2020-08-06T08:33:37","date_gmt":"2020-08-06T08:33:37","guid":{"rendered":"https:\/\/demo.theisn.org\/wcn\/?page_id=2540"},"modified":"2021-01-08T14:52:59","modified_gmt":"2021-01-08T14:52:59","slug":"local-organizing-working-group","status":"publish","type":"page","link":"https:\/\/www.theisn.org\/wcn21\/about\/local-organizing-working-group\/","title":{"rendered":"Local Organizing Working Group"},"content":{"rendered":"<p>[vc_row][vc_column][vc_tta_accordion spacing=&#8221;5&#8243; gap=&#8221;5&#8243; c_position=&#8221;right&#8221; active_section=&#8221;1&#8243; collapsible_all=&#8221;true&#8221; el_class=&#8221;accordion-isn&#8221;][vc_tta_section title=&#8221;Co-chairs&#8221; tab_id=&#8221;11&#8243;][vc_column_text]\n<table id=\"tablepress-3\" class=\"tablepress tablepress-id-3\">\n<tbody class=\"row-hover\">\n<tr class=\"row-1 odd\">\n\t<td class=\"column-1\">Tomoko Takano<\/td><td class=\"column-2\">McGill University<\/td>\n<\/tr>\n<tr class=\"row-2 even\">\n\t<td class=\"column-1\">Fran\u00e7ois Madore<\/td><td class=\"column-2\">Universit\u00e9 de Montr\u00e9al<\/td>\n<\/tr>\n<\/tbody>\n<\/table>\n<!-- #tablepress-3 from cache -->[\/vc_column_text][\/vc_tta_section][vc_tta_section title=&#8221;Members&#8221; tab_id=&#8221;12&#8243;][vc_column_text]\n<table id=\"tablepress-1\" class=\"tablepress tablepress-id-1\">\n<tbody class=\"row-hover\">\n<tr class=\"row-1 odd\">\n\t<td class=\"column-1\">Jean Fran\u00e7ois Cailhier<\/td><td class=\"column-2\">Universit\u00e9 de Montr\u00e9al<\/td>\n<\/tr>\n<tr class=\"row-2 even\">\n\t<td class=\"column-1\">Andrey Cybulsky<\/td><td class=\"column-2\">McGill University<\/td>\n<\/tr>\n<tr class=\"row-3 odd\">\n\t<td class=\"column-1\">John Gill<\/td><td class=\"column-2\">University of British Columbia<\/td>\n<\/tr>\n<tr class=\"row-4 even\">\n\t<td class=\"column-1\">Juliya Hemmett<\/td><td class=\"column-2\">University of Calgary<\/td>\n<\/tr>\n<tr class=\"row-5 odd\">\n\t<td class=\"column-1\">Swapnil Hiremath<\/td><td class=\"column-2\">The Ottawa Hospital Research Institute<\/td>\n<\/tr>\n<tr class=\"row-6 even\">\n\t<td class=\"column-1\">Adeera Levin<\/td><td class=\"column-2\">University of British Columbia<\/td>\n<\/tr>\n<tr class=\"row-7 odd\">\n\t<td class=\"column-1\">Fabrice Mac-Way<\/td><td class=\"column-2\">CHU de Qu\u00e9bec, Universit\u00e9 Laval<\/td>\n<\/tr>\n<tr class=\"row-8 even\">\n\t<td class=\"column-1\">Sanjay Pandeya<\/td><td class=\"column-2\">Halton Healthcare Oakvill<\/td>\n<\/tr>\n<tr class=\"row-9 odd\">\n\t<td class=\"column-1\">Vincent Pichette<\/td><td class=\"column-2\">H\u00f4pital Maisonneuve-Rosemont<\/td>\n<\/tr>\n<tr class=\"row-10 even\">\n\t<td class=\"column-1\">Paul St-Germain<\/td><td class=\"column-2\">Kidney Foundation of Canada<\/td>\n<\/tr>\n<tr class=\"row-11 odd\">\n\t<td class=\"column-1\">Rita Suri<\/td><td class=\"column-2\">McGill University<\/td>\n<\/tr>\n<tr class=\"row-12 even\">\n\t<td class=\"column-1\">Deborah Zimmerman<\/td><td class=\"column-2\">The Ottawa Hospital and the University of Ottawa<\/td>\n<\/tr>\n<\/tbody>\n<\/table>\n<!-- #tablepress-1 from cache -->[\/vc_column_text][\/vc_tta_section][vc_tta_section title=&#8221;Ex officio members&#8221; tab_id=&#8221;13&#8243;][vc_column_text]\n<table id=\"tablepress-2\" class=\"tablepress tablepress-id-2\">\n<tbody class=\"row-hover\">\n<tr class=\"row-1 odd\">\n\t<td class=\"column-1\">ISN President<\/td><td class=\"column-2\">Vivekanand Jha<\/td><td class=\"column-3\">India<\/td>\n<\/tr>\n<tr class=\"row-2 even\">\n\t<td class=\"column-1\">ISN President Elect<\/td><td class=\"column-2\">Agnes Fogo<\/td><td class=\"column-3\">USA<\/td>\n<\/tr>\n<tr class=\"row-3 odd\">\n\t<td class=\"column-1\">President, Soci\u00e9t\u00e9 qu\u00e9b\u00e9coise de n\u00e9phrologie<\/td><td class=\"column-2\">Francois Madore<\/td><td class=\"column-3\">Canada<\/td>\n<\/tr>\n<tr class=\"row-4 even\">\n\t<td class=\"column-1\">President, Canadian Society of Nephrology<\/td><td class=\"column-2\">Sanjay Pandeya<\/td><td class=\"column-3\">Canada<\/td>\n<\/tr>\n<tr class=\"row-5 odd\">\n\t<td class=\"column-1\">ISN HQ Representative<\/td><td class=\"column-2\">Michael Podt<\/td><td class=\"column-3\">Belgium<\/td>\n<\/tr>\n<tr class=\"row-6 even\">\n\t<td class=\"column-1\">CSN Representative<\/td><td class=\"column-2\">Filomena Picciano<\/td><td class=\"column-3\">Canada<\/td>\n<\/tr>\n<\/tbody>\n<\/table>\n<!-- #tablepress-2 from cache -->[\/vc_column_text][\/vc_tta_section][\/vc_tta_accordion][\/vc_column][\/vc_row]<\/p>\n","protected":false},"excerpt":{"rendered":"<p>[vc_row][vc_column][vc_tta_accordion spacing=&#8221;5&#8243; gap=&#8221;5&#8243; c_position=&#8221;right&#8221; active_section=&#8221;1&#8243; collapsible_all=&#8221;true&#8221; el_class=&#8221;accordion-isn&#8221;][vc_tta_section title=&#8221;Co-chairs&#8221; tab_id=&#8221;11&#8243;][vc_column_text][\/vc_column_text][\/vc_tta_section][vc_tta_section title=&#8221;Members&#8221; tab_id=&#8221;12&#8243;][vc_column_text][\/vc_column_text][\/vc_tta_section][vc_tta_section title=&#8221;Ex officio members&#8221; tab_id=&#8221;13&#8243;][vc_column_text][\/vc_column_text][\/vc_tta_section][\/vc_tta_accordion][\/vc_column][\/vc_row]<\/p>\n","protected":false},"author":5,"featured_media":0,"parent":2511,"menu_order":3,"comment_status":"closed","ping_status":"closed","template":"","meta":{"footnotes":""},"class_list":["post-2540","page","type-page","status-publish","hentry"],"yoast_head":"<!-- This site is optimized with the Yoast SEO plugin v14.9 - https:\/\/yoast.com\/wordpress\/plugins\/seo\/ -->\n<title>Local Organizing Working Group - World Congress of Nephrology<\/title>\n<meta name=\"robots\" content=\"index, follow, max-snippet:-1, max-image-preview:large, max-video-preview:-1\" \/>\n<link rel=\"canonical\" href=\"https:\/\/www.theisn.org\/wcn\/about\/local-organizing-working-group\/\" \/>\n<meta property=\"og:locale\" content=\"en_US\" \/>\n<meta property=\"og:type\" content=\"article\" \/>\n<meta property=\"og:title\" content=\"Local Organizing Working Group - World Congress of Nephrology\" \/>\n<meta property=\"og:description\" content=\"[vc_row][vc_column][vc_tta_accordion spacing=&#8221;5&#8243; gap=&#8221;5&#8243; c_position=&#8221;right&#8221; active_section=&#8221;1&#8243; collapsible_all=&#8221;true&#8221; el_class=&#8221;accordion-isn&#8221;][vc_tta_section title=&#8221;Co-chairs&#8221; tab_id=&#8221;11&#8243;][vc_column_text][\/vc_column_text][\/vc_tta_section][vc_tta_section title=&#8221;Members&#8221; tab_id=&#8221;12&#8243;][vc_column_text][\/vc_column_text][\/vc_tta_section][vc_tta_section title=&#8221;Ex officio members&#8221; tab_id=&#8221;13&#8243;][vc_column_text][\/vc_column_text][\/vc_tta_section][\/vc_tta_accordion][\/vc_column][\/vc_row]\" \/>\n<meta property=\"og:url\" content=\"https:\/\/www.theisn.org\/wcn\/about\/local-organizing-working-group\/\" \/>\n<meta property=\"og:site_name\" content=\"World Congress of Nephrology\" \/>\n<meta property=\"article:modified_time\" content=\"2021-01-08T14:52:59+00:00\" \/>\n<meta property=\"og:image\" content=\"https:\/\/www.theisn.org\/wcn21\/wp-content\/uploads\/sites\/2\/2021\/01\/wcn21.jpg\" \/>\n\t<meta property=\"og:image:width\" content=\"600\" \/>\n\t<meta property=\"og:image:height\" content=\"600\" \/>\n<meta name=\"twitter:card\" content=\"summary_large_image\" \/>\n<script type=\"application\/ld+json\" class=\"yoast-schema-graph\">{\"@context\":\"https:\/\/schema.org\",\"@graph\":[{\"@type\":\"WebSite\",\"@id\":\"https:\/\/www.theisn.org\/wcn21\/#website\",\"url\":\"https:\/\/www.theisn.org\/wcn21\/\",\"name\":\"World Congress of Nephrology\",\"description\":\"International Society of Nephrology - wcn\",\"potentialAction\":[{\"@type\":\"SearchAction\",\"target\":\"https:\/\/www.theisn.org\/wcn21\/?s={search_term_string}\",\"query-input\":\"required name=search_term_string\"}],\"inLanguage\":\"en-US\"},{\"@type\":\"WebPage\",\"@id\":\"https:\/\/www.theisn.org\/wcn\/about\/local-organizing-working-group\/#webpage\",\"url\":\"https:\/\/www.theisn.org\/wcn\/about\/local-organizing-working-group\/\",\"name\":\"Local Organizing Working Group - World Congress of Nephrology\",\"isPartOf\":{\"@id\":\"https:\/\/www.theisn.org\/wcn21\/#website\"},\"datePublished\":\"2020-08-06T08:33:37+00:00\",\"dateModified\":\"2021-01-08T14:52:59+00:00\",\"inLanguage\":\"en-US\",\"potentialAction\":[{\"@type\":\"ReadAction\",\"target\":[\"https:\/\/www.theisn.org\/wcn\/about\/local-organizing-working-group\/\"]}]}]}<\/script>\n<!-- \/ Yoast SEO plugin. -->","_links":{"self":[{"href":"https:\/\/www.theisn.org\/wcn21\/wp-json\/wp\/v2\/pages\/2540"}],"collection":[{"href":"https:\/\/www.theisn.org\/wcn21\/wp-json\/wp\/v2\/pages"}],"about":[{"href":"https:\/\/www.theisn.org\/wcn21\/wp-json\/wp\/v2\/types\/page"}],"author":[{"embeddable":true,"href":"https:\/\/www.theisn.org\/wcn21\/wp-json\/wp\/v2\/users\/5"}],"replies":[{"embeddable":true,"href":"https:\/\/www.theisn.org\/wcn21\/wp-json\/wp\/v2\/comments?post=2540"}],"version-history":[{"count":22,"href":"https:\/\/www.theisn.org\/wcn21\/wp-json\/wp\/v2\/pages\/2540\/revisions"}],"predecessor-version":[{"id":3016,"href":"https:\/\/www.theisn.org\/wcn21\/wp-json\/wp\/v2\/pages\/2540\/revisions\/3016"}],"up":[{"embeddable":true,"href":"https:\/\/www.theisn.org\/wcn21\/wp-json\/wp\/v2\/pages\/2511"}],"wp:attachment":[{"href":"https:\/\/www.theisn.org\/wcn21\/wp-json\/wp\/v2\/media?parent=2540"}],"curies":[{"name":"wp","href":"https:\/\/api.w.org\/{rel}","templated":true}]}}