{"id":2558,"date":"2020-08-06T08:47:02","date_gmt":"2020-08-06T08:47:02","guid":{"rendered":"https:\/\/demo.theisn.org\/wcn\/?page_id=2558"},"modified":"2021-01-08T14:58:00","modified_gmt":"2021-01-08T14:58:00","slug":"scientific-program-working-groups","status":"publish","type":"page","link":"https:\/\/www.theisn.org\/wcn21\/about\/scientific-program-working-groups\/","title":{"rendered":"Scientific Program Working Group"},"content":{"rendered":"<p>[vc_row][vc_column][vc_column_text]<\/p>\n<h3><strong>Sub-themes and Abstracts Working Groups: <\/strong><\/h3>\n<p>[\/vc_column_text][\/vc_column][\/vc_row][vc_row][vc_column][vc_tta_accordion spacing=&#8221;5&#8243; gap=&#8221;5&#8243; c_position=&#8221;right&#8221; active_section=&#8221;&#8221; collapsible_all=&#8221;true&#8221; el_class=&#8221;accordion-isn&#8221;][vc_tta_section title=&#8221;Co-chairs&#8221; tab_id=&#8221;1597152096162-03762205-c57c&#8221;][vc_column_text]\n<table id=\"tablepress-4\" class=\"tablepress tablepress-id-4\">\n<tbody class=\"row-hover\">\n<tr class=\"row-1 odd\">\n\t<td class=\"column-1\">Claire Sharpe - Chair<\/td><td class=\"column-2\">United Kingdom<\/td>\n<\/tr>\n<tr class=\"row-2 even\">\n\t<td class=\"column-1\">Brenda Hemmelgarn - Deputy Chair<\/td><td class=\"column-2\">Canada<\/td>\n<\/tr>\n<tr class=\"row-3 odd\">\n\t<td class=\"column-1\">Robyn Langham - Deputy Chair<\/td><td class=\"column-2\">Australia<\/td>\n<\/tr>\n<\/tbody>\n<\/table>\n<!-- #tablepress-4 from cache -->[\/vc_column_text][\/vc_tta_section][vc_tta_section title=&#8221;Ex officio members&#8221; tab_id=&#8221;1597152096206-f86eddbd-c110&#8243;][vc_column_text]\n<table id=\"tablepress-5\" class=\"tablepress tablepress-id-5\">\n<tbody class=\"row-hover\">\n<tr class=\"row-1 odd\">\n\t<td class=\"column-1\">ISN President<\/td><td class=\"column-2\">Vivekanand Jha<\/td><td class=\"column-3\">India<\/td>\n<\/tr>\n<tr class=\"row-2 even\">\n\t<td class=\"column-1\">ISN President Elect<\/td><td class=\"column-2\">Agnes Fogo<\/td><td class=\"column-3\">USA<\/td>\n<\/tr>\n<tr class=\"row-3 odd\">\n\t<td class=\"column-1\">LOWG Chair <\/td><td class=\"column-2\">Tomoko Takano<\/td><td class=\"column-3\">Canada<\/td>\n<\/tr>\n<tr class=\"row-4 even\">\n\t<td class=\"column-1\">President, Soci\u00e9t\u00e9 qu\u00e9b\u00e9coise de n\u00e9phrologie<\/td><td class=\"column-2\">Francois Madore<\/td><td class=\"column-3\">Canada<\/td>\n<\/tr>\n<tr class=\"row-5 odd\">\n\t<td class=\"column-1\">President, Canadian Society of Nephrology<\/td><td class=\"column-2\">Sanjay Pandeya<\/td><td class=\"column-3\">Canada<\/td>\n<\/tr>\n<tr class=\"row-6 even\">\n\t<td class=\"column-1\">ISN HQ Representative<\/td><td class=\"column-2\">Shira Strachova<\/td><td class=\"column-3\">Belgium<\/td>\n<\/tr>\n<\/tbody>\n<\/table>\n<!-- #tablepress-5 from cache -->[\/vc_column_text][\/vc_tta_section][vc_tta_section title=&#8221;Acute kidney injury&#8221; tab_id=&#8221;1597152096253-f1e6e780-1519&#8243;][vc_column_text]\n<table id=\"tablepress-6\" class=\"tablepress tablepress-id-6\">\n<tbody class=\"row-hover\">\n<tr class=\"row-1 odd\">\n\t<td class=\"column-1\">Raul Lombardi - Subtheme Chair<\/td><td class=\"column-2\">Uruguay<\/td>\n<\/tr>\n<tr class=\"row-2 even\">\n\t<td class=\"column-1\">Emmanuel Burdmann<\/td><td class=\"column-2\">Brazil<\/td>\n<\/tr>\n<tr class=\"row-3 odd\">\n\t<td class=\"column-1\">Stuart Goldstein<\/td><td class=\"column-2\">USA<\/td>\n<\/tr>\n<tr class=\"row-4 even\">\n\t<td class=\"column-1\">Andrew Lewington<\/td><td class=\"column-2\">UK<\/td>\n<\/tr>\n<tr class=\"row-5 odd\">\n\t<td class=\"column-1\">Etienne Macedo<\/td><td class=\"column-2\">USA<\/td>\n<\/tr>\n<tr class=\"row-6 even\">\n\t<td class=\"column-1\">Saraladevi Naicker<\/td><td class=\"column-2\">South Africa<\/td>\n<\/tr>\n<tr class=\"row-7 odd\">\n\t<td class=\"column-1\">Neesh Pannu<\/td><td class=\"column-2\">Canada<\/td>\n<\/tr>\n<\/tbody>\n<\/table>\n<!-- #tablepress-6 from cache -->[\/vc_column_text][\/vc_tta_section][vc_tta_section title=&#8221;Chronic kidney disease&#8221; tab_id=&#8221;1597152096287-f26530d2-31a8&#8243;][vc_column_text]\n<table id=\"tablepress-7\" class=\"tablepress tablepress-id-7\">\n<tbody class=\"row-hover\">\n<tr class=\"row-1 odd\">\n\t<td class=\"column-1\">Shuchi Anand - Subtheme Chair<\/td><td class=\"column-2\">USA<\/td>\n<\/tr>\n<tr class=\"row-2 even\">\n\t<td class=\"column-1\">David Friedman<\/td><td class=\"column-2\">USA<\/td>\n<\/tr>\n<tr class=\"row-3 odd\">\n\t<td class=\"column-1\">Magdalena Madero<\/td><td class=\"column-2\">Mexico<\/td>\n<\/tr>\n<tr class=\"row-4 even\">\n\t<td class=\"column-1\">Zuo Li<\/td><td class=\"column-2\">China<\/td>\n<\/tr>\n<tr class=\"row-5 odd\">\n\t<td class=\"column-1\">Michelle O'Shaughnessy<\/td><td class=\"column-2\">Ireland<\/td>\n<\/tr>\n<\/tbody>\n<\/table>\n<!-- #tablepress-7 from cache -->[\/vc_column_text][\/vc_tta_section][vc_tta_section title=&#8221;End stage kidney disease&#8221; tab_id=&#8221;1597152096322-89967427-dfcc&#8221;][vc_column_text]\n<table id=\"tablepress-8\" class=\"tablepress tablepress-id-8\">\n<tbody class=\"row-hover\">\n<tr class=\"row-1 odd\">\n\t<td class=\"column-1\">Olivier Devuyst - Subtheme Chair<\/td><td class=\"column-2\">Switzerland<\/td>\n<\/tr>\n<tr class=\"row-2 even\">\n\t<td class=\"column-1\">Toby Coates<\/td><td class=\"column-2\">Australia<\/td>\n<\/tr>\n<tr class=\"row-3 odd\">\n\t<td class=\"column-1\">Andrew Davenport<\/td><td class=\"column-2\">UK<\/td>\n<\/tr>\n<tr class=\"row-4 even\">\n\t<td class=\"column-1\">Valerie Luyckx<\/td><td class=\"column-2\">Switzerland<\/td>\n<\/tr>\n<tr class=\"row-5 odd\">\n\t<td class=\"column-1\">Peter Stenvinkel<\/td><td class=\"column-2\">Sweden<\/td>\n<\/tr>\n<tr class=\"row-6 even\">\n\t<td class=\"column-1\">Angela Wang<\/td><td class=\"column-2\">Hong Kong<\/td>\n<\/tr>\n<tr class=\"row-7 odd\">\n\t<td class=\"column-1\">Germaine Wong<\/td><td class=\"column-2\">Australia<\/td>\n<\/tr>\n<\/tbody>\n<\/table>\n<!-- #tablepress-8 from cache -->[\/vc_column_text][\/vc_tta_section][vc_tta_section title=&#8221;Abstract Selection Working Group&#8221; tab_id=&#8221;1597152096367-2295f657-5200&#8243;][vc_column_text]\n<table id=\"tablepress-9\" class=\"tablepress tablepress-id-9\">\n<tbody class=\"row-hover\">\n<tr class=\"row-1 odd\">\n\t<td class=\"column-1\">Fabrice Mac-Way (Co-Chair)<\/td><td class=\"column-2\">Canada<\/td>\n<\/tr>\n<tr class=\"row-2 even\">\n\t<td class=\"column-1\">Magdalena Madero (Co-Chair)<\/td><td class=\"column-2\">Mexico<\/td>\n<\/tr>\n<tr class=\"row-3 odd\">\n\t<td class=\"column-1\">Fran\u00e7ois Madore (Co-Chair)<\/td><td class=\"column-2\">Canada<\/td>\n<\/tr>\n<\/tbody>\n<\/table>\n<!-- #tablepress-9 from cache -->[\/vc_column_text][\/vc_tta_section][\/vc_tta_accordion][\/vc_column][\/vc_row][vc_row][vc_column][vc_empty_space height=&#8221;20px&#8221;][vc_column_text]<\/p>\n<h3><strong>Courses: <\/strong><\/h3>\n<p>[\/vc_column_text][\/vc_column][\/vc_row][vc_row][vc_column][vc_tta_accordion spacing=&#8221;5&#8243; gap=&#8221;5&#8243; c_position=&#8221;right&#8221; active_section=&#8221;&#8221; collapsible_all=&#8221;true&#8221; el_class=&#8221;accordion-isn&#8221;][vc_tta_section title=&#8221;Clinical Trials Course&#8221; tab_id=&#8221;31&#8243;][vc_column_text]\n<table id=\"tablepress-10\" class=\"tablepress tablepress-id-10\">\n<tbody class=\"row-hover\">\n<tr class=\"row-1 odd\">\n\t<td class=\"column-1\">Chair<\/td><td class=\"column-2\">Meg Jardin<\/td><td class=\"column-3\">Australia<\/td>\n<\/tr>\n<tr class=\"row-2 even\">\n\t<td class=\"column-1\">Deputy Chair <\/td><td class=\"column-2\">Hiddo Lambers Heerspink<\/td><td class=\"column-3\">The Netherlands<\/td>\n<\/tr>\n<tr class=\"row-3 odd\">\n\t<td class=\"column-1\">Deputy Chair<\/td><td class=\"column-2\">Kathy Tuttle<\/td><td class=\"column-3\">USA<\/td>\n<\/tr>\n<\/tbody>\n<\/table>\n<!-- #tablepress-10 from cache -->[\/vc_column_text][\/vc_tta_section][vc_tta_section title=&#8221;Interventional Nephrology Course&#8221; tab_id=&#8221;32&#8243;][vc_column_text]\n<table id=\"tablepress-11\" class=\"tablepress tablepress-id-11\">\n<tbody class=\"row-hover\">\n<tr class=\"row-1 odd\">\n\t<td class=\"column-1\">Chair<\/td><td class=\"column-2\">Yong-Soo Kim<\/td><td class=\"column-3\">Korea<\/td>\n<\/tr>\n<tr class=\"row-2 even\">\n\t<td class=\"column-1\">Deputy Chair<\/td><td class=\"column-2\">Juliya Hemmett<\/td><td class=\"column-3\">Canada<\/td>\n<\/tr>\n<\/tbody>\n<\/table>\n<!-- #tablepress-11 from cache -->[\/vc_column_text][\/vc_tta_section][vc_tta_section title=&#8221;Nephrology Annual Review Course&#8221; tab_id=&#8221;33&#8243;][vc_column_text]\n<table id=\"tablepress-12\" class=\"tablepress tablepress-id-12\">\n<tbody class=\"row-hover\">\n<tr class=\"row-1 odd\">\n\t<td class=\"column-1\">Chair<\/td><td class=\"column-2\">Cheuk Chun Szeto<\/td><td class=\"column-3\">Hong Kong<\/td>\n<\/tr>\n<tr class=\"row-2 even\">\n\t<td class=\"column-1\">Deputy Chair<\/td><td class=\"column-2\">Fatiu Arougundade<\/td><td class=\"column-3\">Nigeria<\/td>\n<\/tr>\n<tr class=\"row-3 odd\">\n\t<td class=\"column-1\">Deputy Chair<\/td><td class=\"column-2\">Reiko Inagi<\/td><td class=\"column-3\">Japan<\/td>\n<\/tr>\n<\/tbody>\n<\/table>\n<!-- #tablepress-12 from cache -->[\/vc_column_text][\/vc_tta_section][vc_tta_section title=&#8221;Nursing and Allied Health Professionals Symposium&#8221; tab_id=&#8221;34&#8243;][vc_column_text]\n<table id=\"tablepress-13\" class=\"tablepress tablepress-id-13\">\n<tbody class=\"row-hover\">\n<tr class=\"row-1 odd\">\n\t<td class=\"column-1\">Chair<\/td><td class=\"column-2\">Paul Bennett<\/td><td class=\"column-3\">Australia<\/td>\n<\/tr>\n<tr class=\"row-2 even\">\n\t<td class=\"column-1\">Deputy Chair<\/td><td class=\"column-2\">Elizabeth Zamajski<\/td><td class=\"column-3\">Canada<\/td>\n<\/tr>\n<\/tbody>\n<\/table>\n<!-- #tablepress-13 from cache -->[\/vc_column_text][\/vc_tta_section][vc_tta_section title=&#8221;Peritoneal Dialysis Course&#8221; tab_id=&#8221;35&#8243;][vc_column_text]\n<table id=\"tablepress-14\" class=\"tablepress tablepress-id-14\">\n<tbody class=\"row-hover\">\n<tr class=\"row-1 odd\">\n\t<td class=\"column-1\">Chair<\/td><td class=\"column-2\">Simon Davies<\/td><td class=\"column-3\">UK<\/td>\n<\/tr>\n<tr class=\"row-2 even\">\n\t<td class=\"column-1\">Deputy Chair<\/td><td class=\"column-2\">Martin Wilkie<\/td><td class=\"column-3\">UK<\/td>\n<\/tr>\n<tr class=\"row-3 odd\">\n\t<td class=\"column-1\">Deputy Chair<\/td><td class=\"column-2\">Sharon Nessim<\/td><td class=\"column-3\">Canada<\/td>\n<\/tr>\n<\/tbody>\n<\/table>\n<!-- #tablepress-14 from cache -->[\/vc_column_text][\/vc_tta_section][vc_tta_section title=&#8221;Quality Improvement and Clinical Leadership Course&#8221; tab_id=&#8221;Quality-improvement&#8221;][vc_column_text]\n<table id=\"tablepress-15\" class=\"tablepress tablepress-id-15\">\n<tbody class=\"row-hover\">\n<tr class=\"row-1 odd\">\n\t<td class=\"column-1\">Co-Chair<\/td><td class=\"column-2\">Deirdre McCaughey<\/td><td class=\"column-3\">Canada<\/td>\n<\/tr>\n<tr class=\"row-2 even\">\n\t<td class=\"column-1\">Co-Chair<\/td><td class=\"column-2\">Nishan Sharma<\/td><td class=\"column-3\">Canada<\/td>\n<\/tr>\n<tr class=\"row-3 odd\">\n\t<td class=\"column-1\">Co-Chair<\/td><td class=\"column-2\">Mary Cooper<\/td><td class=\"column-3\">USA<\/td>\n<\/tr>\n<\/tbody>\n<\/table>\n<!-- #tablepress-15 from cache -->[\/vc_column_text][\/vc_tta_section][vc_tta_section title=&#8221;Renal Pathology Course&#8221; tab_id=&#8221;Renal-Pathology-Course&#8221;][vc_column_text]\n<table id=\"tablepress-16\" class=\"tablepress tablepress-id-16\">\n<tbody class=\"row-hover\">\n<tr class=\"row-1 odd\">\n\t<td class=\"column-1\">Chair<\/td><td class=\"column-2\">Ian Roberts<\/td><td class=\"column-3\">UK<\/td>\n<\/tr>\n<tr class=\"row-2 even\">\n\t<td class=\"column-1\">Deputy Chair<\/td><td class=\"column-2\">Vanesa Bijol<\/td><td class=\"column-3\">USA<\/td>\n<\/tr>\n<\/tbody>\n<\/table>\n<!-- #tablepress-16 from cache -->[\/vc_column_text][\/vc_tta_section][\/vc_tta_accordion][\/vc_column][\/vc_row]<\/p>\n","protected":false},"excerpt":{"rendered":"<p>[vc_row][vc_column][vc_column_text] Sub-themes and Abstracts Working Groups: [\/vc_column_text][\/vc_column][\/vc_row][vc_row][vc_column][vc_tta_accordion spacing=&#8221;5&#8243; gap=&#8221;5&#8243; c_position=&#8221;right&#8221; active_section=&#8221;&#8221; collapsible_all=&#8221;true&#8221; el_class=&#8221;accordion-isn&#8221;][vc_tta_section title=&#8221;Co-chairs&#8221; tab_id=&#8221;1597152096162-03762205-c57c&#8221;][vc_column_text][\/vc_column_text][\/vc_tta_section][vc_tta_section title=&#8221;Ex officio members&#8221; tab_id=&#8221;1597152096206-f86eddbd-c110&#8243;][vc_column_text][\/vc_column_text][\/vc_tta_section][vc_tta_section title=&#8221;Acute kidney injury&#8221; tab_id=&#8221;1597152096253-f1e6e780-1519&#8243;][vc_column_text][\/vc_column_text][\/vc_tta_section][vc_tta_section title=&#8221;Chronic kidney disease&#8221; tab_id=&#8221;1597152096287-f26530d2-31a8&#8243;][vc_column_text][\/vc_column_text][\/vc_tta_section][vc_tta_section title=&#8221;End stage kidney disease&#8221; tab_id=&#8221;1597152096322-89967427-dfcc&#8221;][vc_column_text][\/vc_column_text][\/vc_tta_section][vc_tta_section title=&#8221;Abstract Selection Working Group&#8221; tab_id=&#8221;1597152096367-2295f657-5200&#8243;][vc_column_text][\/vc_column_text][\/vc_tta_section][\/vc_tta_accordion][\/vc_column][\/vc_row][vc_row][vc_column][vc_empty_space height=&#8221;20px&#8221;][vc_column_text] Courses: [\/vc_column_text][\/vc_column][\/vc_row][vc_row][vc_column][vc_tta_accordion spacing=&#8221;5&#8243; gap=&#8221;5&#8243; c_position=&#8221;right&#8221; active_section=&#8221;&#8221; collapsible_all=&#8221;true&#8221; el_class=&#8221;accordion-isn&#8221;][vc_tta_section title=&#8221;Clinical Trials Course&#8221; tab_id=&#8221;31&#8243;][vc_column_text][\/vc_column_text][\/vc_tta_section][vc_tta_section title=&#8221;Interventional Nephrology Course&#8221; tab_id=&#8221;32&#8243;][vc_column_text][\/vc_column_text][\/vc_tta_section][vc_tta_section title=&#8221;Nephrology [&hellip;]<\/p>\n","protected":false},"author":5,"featured_media":0,"parent":2511,"menu_order":4,"comment_status":"closed","ping_status":"closed","template":"","meta":{"footnotes":""},"class_list":["post-2558","page","type-page","status-publish","hentry"],"yoast_head":"<!-- This site is optimized with the Yoast SEO plugin v14.9 - https:\/\/yoast.com\/wordpress\/plugins\/seo\/ -->\n<title>Scientific Program Working Group - World Congress of Nephrology<\/title>\n<meta name=\"robots\" content=\"index, follow, max-snippet:-1, max-image-preview:large, max-video-preview:-1\" \/>\n<link rel=\"canonical\" href=\"https:\/\/www.theisn.org\/wcn\/about\/scientific-program-working-groups\/\" \/>\n<meta property=\"og:locale\" content=\"en_US\" \/>\n<meta property=\"og:type\" content=\"article\" \/>\n<meta property=\"og:title\" content=\"Scientific Program Working Group - World Congress of Nephrology\" \/>\n<meta property=\"og:description\" content=\"[vc_row][vc_column][vc_column_text] Sub-themes and Abstracts Working Groups: [\/vc_column_text][\/vc_column][\/vc_row][vc_row][vc_column][vc_tta_accordion spacing=&#8221;5&#8243; gap=&#8221;5&#8243; c_position=&#8221;right&#8221; active_section=&#8221;&#8221; collapsible_all=&#8221;true&#8221; el_class=&#8221;accordion-isn&#8221;][vc_tta_section title=&#8221;Co-chairs&#8221; tab_id=&#8221;1597152096162-03762205-c57c&#8221;][vc_column_text][\/vc_column_text][\/vc_tta_section][vc_tta_section title=&#8221;Ex officio members&#8221; tab_id=&#8221;1597152096206-f86eddbd-c110&#8243;][vc_column_text][\/vc_column_text][\/vc_tta_section][vc_tta_section title=&#8221;Acute kidney injury&#8221; tab_id=&#8221;1597152096253-f1e6e780-1519&#8243;][vc_column_text][\/vc_column_text][\/vc_tta_section][vc_tta_section title=&#8221;Chronic kidney disease&#8221; tab_id=&#8221;1597152096287-f26530d2-31a8&#8243;][vc_column_text][\/vc_column_text][\/vc_tta_section][vc_tta_section title=&#8221;End stage kidney disease&#8221; tab_id=&#8221;1597152096322-89967427-dfcc&#8221;][vc_column_text][\/vc_column_text][\/vc_tta_section][vc_tta_section title=&#8221;Abstract Selection Working Group&#8221; tab_id=&#8221;1597152096367-2295f657-5200&#8243;][vc_column_text][\/vc_column_text][\/vc_tta_section][\/vc_tta_accordion][\/vc_column][\/vc_row][vc_row][vc_column][vc_empty_space height=&#8221;20px&#8221;][vc_column_text] Courses: [\/vc_column_text][\/vc_column][\/vc_row][vc_row][vc_column][vc_tta_accordion spacing=&#8221;5&#8243; gap=&#8221;5&#8243; c_position=&#8221;right&#8221; active_section=&#8221;&#8221; collapsible_all=&#8221;true&#8221; el_class=&#8221;accordion-isn&#8221;][vc_tta_section title=&#8221;Clinical Trials Course&#8221; tab_id=&#8221;31&#8243;][vc_column_text][\/vc_column_text][\/vc_tta_section][vc_tta_section title=&#8221;Interventional Nephrology Course&#8221; tab_id=&#8221;32&#8243;][vc_column_text][\/vc_column_text][\/vc_tta_section][vc_tta_section title=&#8221;Nephrology [&hellip;]\" \/>\n<meta property=\"og:url\" content=\"https:\/\/www.theisn.org\/wcn\/about\/scientific-program-working-groups\/\" \/>\n<meta property=\"og:site_name\" content=\"World Congress of Nephrology\" \/>\n<meta property=\"article:modified_time\" content=\"2021-01-08T14:58:00+00:00\" \/>\n<meta property=\"og:image\" content=\"https:\/\/www.theisn.org\/wcn21\/wp-content\/uploads\/sites\/2\/2021\/01\/wcn21.jpg\" \/>\n\t<meta property=\"og:image:width\" content=\"600\" \/>\n\t<meta property=\"og:image:height\" content=\"600\" \/>\n<meta name=\"twitter:card\" content=\"summary_large_image\" \/>\n<script type=\"application\/ld+json\" class=\"yoast-schema-graph\">{\"@context\":\"https:\/\/schema.org\",\"@graph\":[{\"@type\":\"WebSite\",\"@id\":\"https:\/\/www.theisn.org\/wcn21\/#website\",\"url\":\"https:\/\/www.theisn.org\/wcn21\/\",\"name\":\"World Congress of Nephrology\",\"description\":\"International Society of Nephrology - wcn\",\"potentialAction\":[{\"@type\":\"SearchAction\",\"target\":\"https:\/\/www.theisn.org\/wcn21\/?s={search_term_string}\",\"query-input\":\"required name=search_term_string\"}],\"inLanguage\":\"en-US\"},{\"@type\":\"WebPage\",\"@id\":\"https:\/\/www.theisn.org\/wcn\/about\/scientific-program-working-groups\/#webpage\",\"url\":\"https:\/\/www.theisn.org\/wcn\/about\/scientific-program-working-groups\/\",\"name\":\"Scientific Program Working Group - World Congress of Nephrology\",\"isPartOf\":{\"@id\":\"https:\/\/www.theisn.org\/wcn21\/#website\"},\"datePublished\":\"2020-08-06T08:47:02+00:00\",\"dateModified\":\"2021-01-08T14:58:00+00:00\",\"inLanguage\":\"en-US\",\"potentialAction\":[{\"@type\":\"ReadAction\",\"target\":[\"https:\/\/www.theisn.org\/wcn\/about\/scientific-program-working-groups\/\"]}]}]}<\/script>\n<!-- \/ Yoast SEO plugin. -->","_links":{"self":[{"href":"https:\/\/www.theisn.org\/wcn21\/wp-json\/wp\/v2\/pages\/2558"}],"collection":[{"href":"https:\/\/www.theisn.org\/wcn21\/wp-json\/wp\/v2\/pages"}],"about":[{"href":"https:\/\/www.theisn.org\/wcn21\/wp-json\/wp\/v2\/types\/page"}],"author":[{"embeddable":true,"href":"https:\/\/www.theisn.org\/wcn21\/wp-json\/wp\/v2\/users\/5"}],"replies":[{"embeddable":true,"href":"https:\/\/www.theisn.org\/wcn21\/wp-json\/wp\/v2\/comments?post=2558"}],"version-history":[{"count":25,"href":"https:\/\/www.theisn.org\/wcn21\/wp-json\/wp\/v2\/pages\/2558\/revisions"}],"predecessor-version":[{"id":3166,"href":"https:\/\/www.theisn.org\/wcn21\/wp-json\/wp\/v2\/pages\/2558\/revisions\/3166"}],"up":[{"embeddable":true,"href":"https:\/\/www.theisn.org\/wcn21\/wp-json\/wp\/v2\/pages\/2511"}],"wp:attachment":[{"href":"https:\/\/www.theisn.org\/wcn21\/wp-json\/wp\/v2\/media?parent=2558"}],"curies":[{"name":"wp","href":"https:\/\/api.w.org\/{rel}","templated":true}]}}