{"id":4478,"date":"2020-11-26T15:11:02","date_gmt":"2020-11-26T15:11:02","guid":{"rendered":"https:\/\/www.theisn.org\/wcn\/?page_id=4478"},"modified":"2021-04-27T11:50:02","modified_gmt":"2021-04-27T11:50:02","slug":"practicalities","status":"publish","type":"page","link":"https:\/\/www.theisn.org\/wcn21\/practicalities\/","title":{"rendered":"Practicalities"},"content":{"rendered":"<p>[vc_row][vc_column][vc_tta_accordion c_position=&#8221;right&#8221; active_section=&#8221;1&#8243; collapsible_all=&#8221;true&#8221; el_class=&#8221;accordion-isn&#8221;][vc_tta_section title=&#8221;MAPLE LEAF PLAZA&#8221; tab_id=&#8221;1614686760245-07ca8b32-d485&#8243;][vc_column_text]<\/p>\n<h3><strong>What is the Maple Leaf Plaza?<\/strong><\/h3>\n<p>Besides the scientific program, posters, industry showcase and symposia, make sure to visit the Maple Leaf Plaza on the congress platform. With a nod to the original destination of WCN\u201921 in Montreal, Canada, here you will discover extra congress activities in which to take part, and a wealth of valuable information presented in different and interactive formats.<\/p>\n<ul>\n<li>Collect your <strong>congress bag <\/strong>and be among the first to have access to valuable new publications<\/li>\n<li>Watch the finalists and the winners of the <strong>2021 ISN Community Film Event<\/strong><\/li>\n<li>Visit our galleries; the<strong> outgoing leaders-, awards- and ISN @ Work galleries <\/strong>highlighting our people, achievements and special projects<\/li>\n<li>If you have missed it in your inbox, catch up on the latest congress news and more with the <strong>WCN Daily <\/strong>broadcast<\/li>\n<li>Find out about the <strong>ISN membership<\/strong> and <strong>ISN Journals<\/strong><\/li>\n<li>Explore our ISN member societies and organizations in the <strong>Global Nephrology Village<\/strong><\/li>\n<li>On the <strong>social media wall<\/strong>, see how all enjoyed the congress and posted on our social media channels<\/li>\n<li>Take part in a <strong>WCN quiz <\/strong>that will \u00a0encourage you to explore and challenge your knowledge<\/li>\n<\/ul>\n<p>Maple Leaf Plaza is supported by Otsuka<\/p>\n<p><img loading=\"lazy\" decoding=\"async\" class=\"alignnone wp-image-5288\" src=\"https:\/\/www.theisn.org\/wcn\/wp-content\/uploads\/sites\/2\/2021\/02\/OTSUKA-LOGO-PNG.png\" alt=\"\" width=\"149\" height=\"56\" \/>[\/vc_column_text][\/vc_tta_section][vc_tta_section title=&#8221;SHOWCASE&#8221; tab_id=&#8221;SHOWCASE&#8221;][vc_column_text]Delegates (including industry delegates) may be able to view who is visiting the industry showcase in real-time. They will only be able to view the information made public in the profile.<\/p>\n<p>Participants may opt-in to allow ISN to share their full registration details with companies of booths they visit in the Industry Showcase or with companies organizing an industry symposia they have viewed. These will include First Name, Surname, Email Address, Affiliation and Gender. Industry may use these details to contact the delegate. Industry will not be allowed to use the details in your public congress profile to contact you outside of WCN without your approval.[\/vc_column_text][\/vc_tta_section][vc_tta_section title=&#8221;SPEAKERS AND POSTER PRESENTERS&#8221; tab_id=&#8221;SPEAKERS&#8221;][vc_row_inner][vc_column_inner width=&#8221;1\/2&#8243;][vc_column_text]To make the best possible recording of your presentation, please watch our suggested tips and tricks in this short video.[\/vc_column_text][\/vc_column_inner][vc_column_inner width=&#8221;1\/2&#8243;][vc_video link=&#8221;https:\/\/youtu.be\/7s0mwjUgRBE&#8221; align=&#8221;right&#8221;][\/vc_column_inner][\/vc_row_inner][vc_column_text]WCN Speakers and poster presenters may request that no audio or visual recording (even with no publication purpose) are taken of their presentations or posters, particularly in the case of unpublished data. Such presentations (or slides) and posters will clearly labelled with \u201cNO COPY\/ NO POST\u201d[\/vc_column_text][\/vc_tta_section][vc_tta_section title=&#8221;SUBTITLES&#8221; tab_id=&#8221;1611328617359-0ebaaa1f-9694&#8243;][vc_column_text]Promoting inclusiveness and for your convenience, all recorded presentations have <strong>English subtitles <\/strong>included, made possible by AstraZeneca and Janssen. Plenary lectures are available with French subtitles too.<\/p>\n<p><img loading=\"lazy\" decoding=\"async\" class=\"alignnone wp-image-5069\" src=\"https:\/\/www.theisn.org\/wcn\/wp-content\/uploads\/sites\/2\/2021\/01\/AZ-logo1-300x73.jpg\" alt=\"\" width=\"230\" height=\"56\" \/>\u00a0 \u00a0 \u00a0 \u00a0 \u00a0 \u00a0 \u00a0 <img loading=\"lazy\" decoding=\"async\" class=\"alignnone wp-image-4577\" src=\"https:\/\/www.theisn.org\/wcn\/wp-content\/uploads\/sites\/2\/2020\/12\/190125-JANSSEN-PNG-e1606897323912-300x72.png\" alt=\"\" width=\"275\" height=\"66\" \/>[\/vc_column_text][\/vc_tta_section][vc_tta_section title=&#8221;TECHNICAL REQUIREMENTS&#8221; tab_id=&#8221;1616593997867-5ea869ee-b807&#8243;][vc_column_text]<\/p>\n<h3>What do I need to access the platform?<\/h3>\n<p>There is no need to download or install any software to access the WCN congress platform. All you need is a good internet connection and your computer\/laptop. Tip: If you experience problems accessing the platform, refresh your browser cache by clicking CTRL+F5.<\/p>\n<p>In order to have access to WCN\u201921 virtual platform please make sure your internet browser is updated to its latest version.<\/p>\n<p>Recommended browsers:<br \/>\nGoogle Chrome<br \/>\nMicrosoft Edge<br \/>\nMozilla Firefox<br \/>\nSafari 5+ (Mac)<br \/>\nPlease note that certain functions of WCN\u201921 virtual platform will not run on Internet Explorer.[\/vc_column_text][\/vc_tta_section][vc_tta_section title=&#8221;CME ACCREDITATION AND CERTIFICATE OF ATTENDANCE&#8221; tab_id=&#8221;accreditation&#8221;][vc_column_text]<\/p>\n<h4>CME Accreditation and Certificate of Attendance<\/h4>\n<p>The <strong>ISN World Congress of Nephrology, 15\/04\/2021-19\/04\/2021 <\/strong>has been accredited by the European Accreditation Council for Continuing Medical Education (EACCME\u00ae) with <strong>18 <\/strong>European CME credits (ECMEC\u00aes). Each medical specialist should claim only those hours of credit that he\/she actually spent in the educational activity.<\/p>\n<p>Each participant can only receive the number of credits he\/she is entitled to according to his\/her actual participation at the event once he\/she has completed the feedback form. Cf. criteria 9 and 23 of UEMS 2016.20.<\/p>\n<p>Please find below the breakdown of ECMEC\u00aes per day:<\/p>\n<p>April 15, 2021 &#8211; <strong>6.00<\/strong><\/p>\n<p>April 16, 2021 &#8211; <strong>2.00<\/strong><\/p>\n<p>April 17, 2021 &#8211; <strong>3.00<\/strong><\/p>\n<p>April 18, 2021 &#8211; <strong>3.00<\/strong><\/p>\n<p>April 19, 2021 &#8211; <strong>4.00<\/strong><\/p>\n<p><strong><br \/>\nEuropean CME credits<\/strong>\u00a0(ECMEC\u00aes). Each medical specialist should claim only those hours of credit that he\/she actually spent in the educational activity.The EACCME\u00ae awards ECMEC\u00aes on the basis of 1 ECMEC\u00ae for one hour of CME with a maximum of 8 ECMEC\u00aes per day. Cf. Chapter X of UEMS 2016.20.<\/p>\n<p>Through an agreement between the Union Europ\u00e9enne des M\u00e9decins Sp\u00e9cialistes and the American Medical Association, physicians may convert EACCME\u00ae credits to an equivalent number of AMA PRA Category 1 Credits TM . Live educational activities, occurring outside of Canada, recognized by the UEMS-EACCME\u00ae for ECMEC\u00aes are deemed to be Accredited Group Learning Activities (Section 1) as defined by the Maintenance of Certification Program of the Royal College of Physicians and Surgeons of Canada.<\/p>\n<p>All face-to-face conferences or courses, and all synchronous online conferences or courses (such as live webcasts and live webinars that allow participants to ask questions to the faculty), held outside of Canada can be reported as accredited group learning activities under Section 1 of the MOC Program if they are developed by a university, academy, college, academic institution or physician organization or are eligible under a CPD\/MOC recognition agreement.<\/p>\n<h4><strong>To download your CME Certificate of Attendance<\/strong>:<\/h4>\n<ul>\n<li>Please login to your WCN\u201921 Portal, <a href=\"https:\/\/eur01.safelinks.protection.outlook.com\/?url=https%3A%2F%2Fcm.theisn.org%2FcmPortal%2FAccount%2FLogin%3FReturnUrl%3D%252FcmPortal%252FPortal%252FWCN2021%252Fnormal&amp;data=04%7C01%7Cipastorino%40theisn.org%7Ccbe3391b576a44ad941808d9035e7b8f%7C9353336200694ec4b905d4dcc7a8a0ef%7C0%7C0%7C637544526597392948%7CUnknown%7CTWFpbGZsb3d8eyJWIjoiMC4wLjAwMDAiLCJQIjoiV2luMzIiLCJBTiI6Ik1haWwiLCJXVCI6Mn0%3D%7C1000&amp;sdata=%2Fl2axm7YfaPsk6kMLWtQVuGnJND1cpmeR61RsGVLWUM%3D&amp;reserved=0\">here<\/a><\/li>\n<li>Click on the \u201cMy CME Certificate\u201d button<\/li>\n<li>Complete a feedback survey to access your certificate. This is mandatory and required by EACCME\u00ae.<\/li>\n<li>Once completed you will be able to download your certificate<\/li>\n<\/ul>\n<p>[\/vc_column_text][\/vc_tta_section][vc_tta_section title=&#8221;LANGUAGE AND TRANSLATION&#8221; tab_id=&#8221;language&#8221;][vc_column_text]<\/p>\n<h4>Language and Translation<\/h4>\n<p>The official language of the Congress is English. Presentations will be delivered in English. Plenary lectures are available with French subtitles too.[\/vc_column_text][\/vc_tta_section][vc_tta_section title=&#8221;FREQUENTLY ASKED QUESTIONS&#8221; tab_id=&#8221;1617804488490-98c9eb50-4da5&#8243;][vc_column_text]For all frequently asked questions please see our page <a href=\"https:\/\/www.theisn.org\/wcn\/faq\/\">here<\/a>. If your question is not there feel free to reach out to our team![\/vc_column_text][\/vc_tta_section][\/vc_tta_accordion][\/vc_column][\/vc_row][vc_row][vc_column][vc_message message_box_color=&#8221;warning&#8221; icon_fontawesome=&#8221;fas fa-exclamation-triangle&#8221;]<\/p>\n<h4>Scam warning &#8211; unauthorized third-party providers<\/h4>\n<ul>\n<li><strong>Only register for WCN&#8217;21 via our secure registration portal<\/strong><strong>.<\/strong><\/li>\n<li>The ISN has been made aware that several unofficial organizations offer registration and other services related to WCN&#8217;21. Please note that only the official WCN partners listed on this website are authorized to provide these services. You are strongly advised not to transmit confidential or payment details to sites that advertise the <em>World Nephrology Congress<\/em> or <em>World Congress on Nephrology<\/em>. ISN is not associated with these congresses. Please contact <a href=\"mailto:registrationswcn@theisn.org\">registrationswcn@theisn.org<\/a> if you have any doubts or concerns.<\/li>\n<\/ul>\n<p>[\/vc_message][vc_column_text][\/vc_column_text][\/vc_column][\/vc_row][vc_row][vc_column][vc_text_separator title=&#8221;Registration platform supported by&#8221; style=&#8221;solid&#8221; element=&#8221;h6&#8243;][\/vc_column][\/vc_row][vc_row][vc_column][vc_column_text]<img loading=\"lazy\" decoding=\"async\" class=\" wp-image-4378 aligncenter\" src=\"https:\/\/www.theisn.org\/wcn\/wp-content\/uploads\/sites\/2\/2020\/11\/Logo-big-1.png\" alt=\"\" width=\"207\" height=\"42\" \/>[\/vc_column_text][\/vc_column][\/vc_row]<\/p>\n","protected":false},"excerpt":{"rendered":"<p>[vc_row][vc_column][vc_tta_accordion c_position=&#8221;right&#8221; active_section=&#8221;1&#8243; collapsible_all=&#8221;true&#8221; el_class=&#8221;accordion-isn&#8221;][vc_tta_section title=&#8221;MAPLE LEAF PLAZA&#8221; tab_id=&#8221;1614686760245-07ca8b32-d485&#8243;][vc_column_text] What is the Maple Leaf Plaza? Besides the scientific program, posters, industry showcase and symposia, make sure to visit the Maple Leaf Plaza on the congress platform. With a nod to the original destination of WCN\u201921 in Montreal, Canada, here you will discover extra congress activities [&hellip;]<\/p>\n","protected":false},"author":2,"featured_media":0,"parent":0,"menu_order":0,"comment_status":"closed","ping_status":"closed","template":"","meta":{"footnotes":""},"class_list":["post-4478","page","type-page","status-publish","hentry"],"yoast_head":"<!-- This site is optimized with the Yoast SEO plugin v14.9 - https:\/\/yoast.com\/wordpress\/plugins\/seo\/ -->\n<title>Practicalities - World Congress of Nephrology<\/title>\n<meta name=\"robots\" content=\"index, follow, max-snippet:-1, max-image-preview:large, max-video-preview:-1\" \/>\n<link rel=\"canonical\" href=\"https:\/\/www.theisn.org\/wcn\/practicalities\/\" \/>\n<meta property=\"og:locale\" content=\"en_US\" \/>\n<meta property=\"og:type\" content=\"article\" \/>\n<meta property=\"og:title\" content=\"Practicalities - World Congress of Nephrology\" \/>\n<meta property=\"og:description\" content=\"[vc_row][vc_column][vc_tta_accordion c_position=&#8221;right&#8221; active_section=&#8221;1&#8243; collapsible_all=&#8221;true&#8221; el_class=&#8221;accordion-isn&#8221;][vc_tta_section title=&#8221;MAPLE LEAF PLAZA&#8221; tab_id=&#8221;1614686760245-07ca8b32-d485&#8243;][vc_column_text] What is the Maple Leaf Plaza? Besides the scientific program, posters, industry showcase and symposia, make sure to visit the Maple Leaf Plaza on the congress platform. With a nod to the original destination of WCN\u201921 in Montreal, Canada, here you will discover extra congress activities [&hellip;]\" \/>\n<meta property=\"og:url\" content=\"https:\/\/www.theisn.org\/wcn\/practicalities\/\" \/>\n<meta property=\"og:site_name\" content=\"World Congress of Nephrology\" \/>\n<meta property=\"article:modified_time\" content=\"2021-04-27T11:50:02+00:00\" \/>\n<meta property=\"og:image\" content=\"https:\/\/www.theisn.org\/wcn\/wp-content\/uploads\/sites\/2\/2021\/02\/OTSUKA-LOGO-PNG.png\" \/>\n<meta name=\"twitter:card\" content=\"summary_large_image\" \/>\n<script type=\"application\/ld+json\" class=\"yoast-schema-graph\">{\"@context\":\"https:\/\/schema.org\",\"@graph\":[{\"@type\":\"WebSite\",\"@id\":\"https:\/\/www.theisn.org\/wcn21\/#website\",\"url\":\"https:\/\/www.theisn.org\/wcn21\/\",\"name\":\"World Congress of Nephrology\",\"description\":\"International Society of Nephrology - wcn\",\"potentialAction\":[{\"@type\":\"SearchAction\",\"target\":\"https:\/\/www.theisn.org\/wcn21\/?s={search_term_string}\",\"query-input\":\"required name=search_term_string\"}],\"inLanguage\":\"en-US\"},{\"@type\":\"ImageObject\",\"@id\":\"https:\/\/www.theisn.org\/wcn\/practicalities\/#primaryimage\",\"inLanguage\":\"en-US\",\"url\":\"https:\/\/www.theisn.org\/wcn\/wp-content\/uploads\/sites\/2\/2021\/02\/OTSUKA-LOGO-PNG.png\"},{\"@type\":\"WebPage\",\"@id\":\"https:\/\/www.theisn.org\/wcn\/practicalities\/#webpage\",\"url\":\"https:\/\/www.theisn.org\/wcn\/practicalities\/\",\"name\":\"Practicalities - World Congress of Nephrology\",\"isPartOf\":{\"@id\":\"https:\/\/www.theisn.org\/wcn21\/#website\"},\"primaryImageOfPage\":{\"@id\":\"https:\/\/www.theisn.org\/wcn\/practicalities\/#primaryimage\"},\"datePublished\":\"2020-11-26T15:11:02+00:00\",\"dateModified\":\"2021-04-27T11:50:02+00:00\",\"inLanguage\":\"en-US\",\"potentialAction\":[{\"@type\":\"ReadAction\",\"target\":[\"https:\/\/www.theisn.org\/wcn\/practicalities\/\"]}]}]}<\/script>\n<!-- \/ Yoast SEO plugin. -->","_links":{"self":[{"href":"https:\/\/www.theisn.org\/wcn21\/wp-json\/wp\/v2\/pages\/4478"}],"collection":[{"href":"https:\/\/www.theisn.org\/wcn21\/wp-json\/wp\/v2\/pages"}],"about":[{"href":"https:\/\/www.theisn.org\/wcn21\/wp-json\/wp\/v2\/types\/page"}],"author":[{"embeddable":true,"href":"https:\/\/www.theisn.org\/wcn21\/wp-json\/wp\/v2\/users\/2"}],"replies":[{"embeddable":true,"href":"https:\/\/www.theisn.org\/wcn21\/wp-json\/wp\/v2\/comments?post=4478"}],"version-history":[{"count":8,"href":"https:\/\/www.theisn.org\/wcn21\/wp-json\/wp\/v2\/pages\/4478\/revisions"}],"predecessor-version":[{"id":6452,"href":"https:\/\/www.theisn.org\/wcn21\/wp-json\/wp\/v2\/pages\/4478\/revisions\/6452"}],"wp:attachment":[{"href":"https:\/\/www.theisn.org\/wcn21\/wp-json\/wp\/v2\/media?parent=4478"}],"curies":[{"name":"wp","href":"https:\/\/api.w.org\/{rel}","templated":true}]}}