{"id":2354,"date":"2022-12-12T14:35:53","date_gmt":"2022-12-12T14:35:53","guid":{"rendered":"https:\/\/www.theisn.org\/wcn\/?page_id=2354"},"modified":"2023-04-13T11:23:59","modified_gmt":"2023-04-13T11:23:59","slug":"accreditation-and-credits","status":"publish","type":"page","link":"https:\/\/www.theisn.org\/wcn23\/program\/accreditation-and-credits\/","title":{"rendered":"Accreditation and Credits"},"content":{"rendered":"<p>[vc_row][vc_column][vc_column_text]The\u00a0<b>ISN World Congress of Nephrology, Bangkok, Thailand, 30\/03\/2023-02\/04\/2023<\/b>\u00a0has been accredited by the European Accreditation Council for Continuing Medical Education (EACCME\u00ae) with\u00a0<b>19<\/b>\u00a0European CME credits (ECMEC\u00aes).<\/p>\n<p>Each medical specialist should claim only those hours of credit that he\/she actually spent in the educational activity.<\/p>\n<p>Through an agreement between the Union Europ\u00e9enne des M\u00e9decins Sp\u00e9cialistes and the American Medical Association, physicians may convert EACCME\u00ae credits to an equivalent number of AMA PRA Category 1 CreditsTM. Information on the process to convert EACCME\u00ae credit to AMA credit can be found at www.ama-assn.org\/education\/earn-credit-participation-international-activities.<\/p>\n<p>Live educational activities, occurring outside of Canada, recognised by the UEMS-EACCME\u00ae for ECMEC\u00aes are deemed to be Accredited Group Learning Activities (Section 1) as defined by the Maintenance of Certification Program of the Royal College of Physicians and Surgeons of Canada.<\/p>\n<p>Please find below the breakdown of ECMEC\u00aes per day:<\/p>\n<p>March 30, 2023 &#8211;<b>\u00a06.00<br \/>\n<\/b>March 31, 2023 &#8211;\u00a0<b>5.00<br \/>\n<\/b>April 01, 2023 &#8211;\u00a0<b>4.00<br \/>\n<\/b>April 02, 2023 &#8211;\u00a0<b>4.00<\/b><\/p>\n<p>The EACCME\u00ae awards ECMEC\u00aes on the basis of 1 ECMEC\u00ae for one hour of CME with a maximum of 8 ECMEC\u00aes per day. Cf. Chapter X of UEMS 2016.20.<\/p>\n<p><em>Please note that the CME Certificate of Attendance is not available for the on-demand viewing.<\/em><\/p>\n<p><img loading=\"lazy\" decoding=\"async\" class=\"wp-image-2359 aligncenter\" src=\"https:\/\/www.theisn.org\/wcn\/wp-content\/uploads\/sites\/5\/2022\/12\/UEMS-Logo.jpg\" alt=\"\" width=\"132\" height=\"132\" \/>[\/vc_column_text][\/vc_column][\/vc_row][vc_row][vc_column][vc_column_text]<strong>To download your CME Certificate of Attendance<\/strong>:<\/p>\n<ol>\n<li>Login to your WCN\u201923 Virtual Platform <a href=\"https:\/\/eur05.safelinks.protection.outlook.com\/?url=https%3A%2F%2F351ndgwz0wqgzqx8.click.mailersend.net%2Fte%2Fcws%2FeyJpdiI6IlV0TmhyN3o4akZWSFN2dGQ3bGtHYUE9PSIsInZhbHVlIjoiWUpsS2p1MVRsc3hjYS9zS3hLWVFtaUZnWGpKUlY1Zll6S2NxdlJhQWlFN2xMMUVvWS85NXkxa2RIRmVXZEF4UFRLTFFTVjluelU4cHNvTitHbzJyQ3pUMGE0UTBtY2R2dXVFb2cxWktoRFZYcFV0K0xWV0NtaHBoUWorUUIwWXIiLCJtYWMiOiJkZWUzODMyNjdmYzNkNjllODQzNmFhY2U2ZGZkZGIwODJkMzQ4YjI4OGU2ODZlMzNjNzNiYTkxNjdhZDRlYmIyIiwidGFnIjoiIn0%2C&amp;data=05%7C01%7Cipastorino%40theisn.org%7C10b1e0d7783543e840ed08db291d50ba%7C9353336200694ec4b905d4dcc7a8a0ef%7C0%7C0%7C638148978109219129%7CUnknown%7CTWFpbGZsb3d8eyJWIjoiMC4wLjAwMDAiLCJQIjoiV2luMzIiLCJBTiI6Ik1haWwiLCJXVCI6Mn0%3D%7C3000%7C%7C%7C&amp;sdata=VfFx%2FFHeSFdOKScaLLTR%2FRdacy49gsRp5kZwkpahXv0%3D&amp;reserved=0\">https:\/\/wcn23.theisn.org\/virtual<\/a><br \/>\nUsername: the email address used to register to WCN&#8217;23<br \/>\nPassword: should you do not remember your password, please use the &#8220;Forgot your password&#8221; link available on the platform login page.<\/li>\n<li>Click on the \u201cMy CME Certificate\u201d button<\/li>\n<li>Complete the feedback survey to access your certificate. <span style=\"text-decoration: underline\">This is mandatory and required by EACCME\u00ae.<\/span><\/li>\n<li>Download your certificate<\/li>\n<\/ol>\n<p><strong>IMPORTANT:<br \/>\n<\/strong><strong> For in-person delegates: you will be able to obtain CME credits ONLY for the days in which you have scanned your badge at the \u201cBadge Scanning Zones\u201d.<\/strong><strong><br \/>\nFor virtual delegates: you will be able to obtain CME credits ONLY for the congress days in which you attend the sessions. On-demand sessions viewed after the congress days (March 30- April 2) are not accredited.<\/strong>[\/vc_column_text][\/vc_column][\/vc_row]<\/p>\n","protected":false},"excerpt":{"rendered":"<p>[vc_row][vc_column][vc_column_text]The\u00a0ISN World Congress of Nephrology, Bangkok, Thailand, 30\/03\/2023-02\/04\/2023\u00a0has been accredited by the European Accreditation Council for Continuing Medical Education (EACCME\u00ae) with\u00a019\u00a0European CME credits (ECMEC\u00aes). Each medical specialist should claim only those hours of credit that he\/she actually spent in the educational activity. Through an agreement between the Union Europ\u00e9enne des M\u00e9decins Sp\u00e9cialistes and the American [&hellip;]<\/p>\n","protected":false},"author":2,"featured_media":0,"parent":47,"menu_order":0,"comment_status":"closed","ping_status":"closed","template":"","meta":{"footnotes":""},"class_list":["post-2354","page","type-page","status-publish","hentry"],"yoast_head":"<!-- This site is optimized with the Yoast SEO plugin v14.9 - https:\/\/yoast.com\/wordpress\/plugins\/seo\/ -->\n<title>Accreditation and Credits - World Congress of Nephrology 2023<\/title>\n<meta name=\"description\" content=\"Accreditation and Credits\" \/>\n<meta name=\"robots\" content=\"index, follow, max-snippet:-1, max-image-preview:large, max-video-preview:-1\" \/>\n<link rel=\"canonical\" href=\"https:\/\/www.theisn.org\/wcn\/program\/accreditation-and-credits\/\" \/>\n<meta property=\"og:locale\" content=\"en_US\" \/>\n<meta property=\"og:type\" content=\"article\" \/>\n<meta property=\"og:title\" content=\"Accreditation and Credits - World Congress of Nephrology 2023\" \/>\n<meta property=\"og:description\" content=\"Accreditation and Credits\" \/>\n<meta property=\"og:url\" content=\"https:\/\/www.theisn.org\/wcn\/program\/accreditation-and-credits\/\" \/>\n<meta property=\"og:site_name\" content=\"World Congress of Nephrology 2023\" \/>\n<meta property=\"article:modified_time\" content=\"2023-04-13T11:23:59+00:00\" \/>\n<meta property=\"og:image\" content=\"https:\/\/www.theisn.org\/wcn\/wp-content\/uploads\/sites\/5\/2022\/12\/UEMS-Logo.jpg\" \/>\n<meta name=\"twitter:card\" content=\"summary_large_image\" \/>\n<script type=\"application\/ld+json\" class=\"yoast-schema-graph\">{\"@context\":\"https:\/\/schema.org\",\"@graph\":[{\"@type\":\"WebSite\",\"@id\":\"https:\/\/www.theisn.org\/wcn23\/#website\",\"url\":\"https:\/\/www.theisn.org\/wcn23\/\",\"name\":\"World Congress of Nephrology 2023\",\"description\":\"Just another International Society of Nephrology Sites site\",\"potentialAction\":[{\"@type\":\"SearchAction\",\"target\":\"https:\/\/www.theisn.org\/wcn23\/?s={search_term_string}\",\"query-input\":\"required name=search_term_string\"}],\"inLanguage\":\"en-US\"},{\"@type\":\"ImageObject\",\"@id\":\"https:\/\/www.theisn.org\/wcn\/program\/accreditation-and-credits\/#primaryimage\",\"inLanguage\":\"en-US\",\"url\":\"https:\/\/www.theisn.org\/wcn\/wp-content\/uploads\/sites\/5\/2022\/12\/UEMS-Logo.jpg\"},{\"@type\":\"WebPage\",\"@id\":\"https:\/\/www.theisn.org\/wcn\/program\/accreditation-and-credits\/#webpage\",\"url\":\"https:\/\/www.theisn.org\/wcn\/program\/accreditation-and-credits\/\",\"name\":\"Accreditation and Credits - World Congress of Nephrology 2023\",\"isPartOf\":{\"@id\":\"https:\/\/www.theisn.org\/wcn23\/#website\"},\"primaryImageOfPage\":{\"@id\":\"https:\/\/www.theisn.org\/wcn\/program\/accreditation-and-credits\/#primaryimage\"},\"datePublished\":\"2022-12-12T14:35:53+00:00\",\"dateModified\":\"2023-04-13T11:23:59+00:00\",\"description\":\"Accreditation and Credits\",\"inLanguage\":\"en-US\",\"potentialAction\":[{\"@type\":\"ReadAction\",\"target\":[\"https:\/\/www.theisn.org\/wcn\/program\/accreditation-and-credits\/\"]}]}]}<\/script>\n<!-- \/ Yoast SEO plugin. -->","_links":{"self":[{"href":"https:\/\/www.theisn.org\/wcn23\/wp-json\/wp\/v2\/pages\/2354"}],"collection":[{"href":"https:\/\/www.theisn.org\/wcn23\/wp-json\/wp\/v2\/pages"}],"about":[{"href":"https:\/\/www.theisn.org\/wcn23\/wp-json\/wp\/v2\/types\/page"}],"author":[{"embeddable":true,"href":"https:\/\/www.theisn.org\/wcn23\/wp-json\/wp\/v2\/users\/2"}],"replies":[{"embeddable":true,"href":"https:\/\/www.theisn.org\/wcn23\/wp-json\/wp\/v2\/comments?post=2354"}],"version-history":[{"count":5,"href":"https:\/\/www.theisn.org\/wcn23\/wp-json\/wp\/v2\/pages\/2354\/revisions"}],"predecessor-version":[{"id":4071,"href":"https:\/\/www.theisn.org\/wcn23\/wp-json\/wp\/v2\/pages\/2354\/revisions\/4071"}],"up":[{"embeddable":true,"href":"https:\/\/www.theisn.org\/wcn23\/wp-json\/wp\/v2\/pages\/47"}],"wp:attachment":[{"href":"https:\/\/www.theisn.org\/wcn23\/wp-json\/wp\/v2\/media?parent=2354"}],"curies":[{"name":"wp","href":"https:\/\/api.w.org\/{rel}","templated":true}]}}