{"id":1423,"date":"2024-08-20T09:30:08","date_gmt":"2024-08-20T09:30:08","guid":{"rendered":"https:\/\/www.theisn.org\/wcn\/?page_id=1423"},"modified":"2025-02-17T12:19:00","modified_gmt":"2025-02-17T12:19:00","slug":"isn-community-film-event","status":"publish","type":"page","link":"https:\/\/www.theisn.org\/wcn25\/isn-community-film-event\/","title":{"rendered":"ISN Community Film Event"},"content":{"rendered":"<p>[vc_row][vc_column][vc_column_text]<\/p>\n<h2><strong>7th ISN Community Film Event: Kidney Stories From Around the World &#8211; in collaboration with world kidney day<br \/>\n<\/strong><\/h2>\n<h4><\/h4>\n<p>[\/vc_column_text][\/vc_column][\/vc_row][vc_row disable_element=&#8221;yes&#8221;][vc_column][vc_message message_box_color=&#8221;warning&#8221;]<\/p>\n<h3 style=\"text-align: left;\"><strong>The winner of the ISN Community Film Event was announced at a special session during WCN\u201925. The ISN congratulates the winner of the 7<sup>th<\/sup>\u00a0edition of the ISN Community Film Event:<\/strong><\/h3>\n<p>[\/vc_message][\/vc_column][\/vc_row][vc_row disable_element=&#8221;yes&#8221;][vc_column][vc_btn title=&#8221;Submit your film by November 11, 2024&#8243; shape=&#8221;rounded&#8221; color=&#8221;pink&#8221; size=&#8221;xl&#8221; align=&#8221;center&#8221; link=&#8221;url:https%3A%2F%2Fevents.theisn.org%2Fwcn25%2Fuser%2Fdashboard||target:%20_blank|&#8221;][\/vc_column][\/vc_row][vc_row disable_element=&#8221;yes&#8221;][vc_column][vc_column_text]<\/p>\n<h2>Cast your vote!<\/h2>\n<div><span style=\"font-family: arial, helvetica, sans-serif; font-size: 12pt;\"><span style=\"color: #000000;\">The Film Event Jury selected 7 finalists. <\/span><strong><span style=\"color: #000000;\">Vote for your favorite film by Friday January 10, 2025 at 11.59 p.m. CET.<\/span><\/strong><\/span><\/div>\n<div><span style=\"color: #000000; font-family: arial, helvetica, sans-serif; font-size: 12pt;\">The most voted film will be awarded with the \u201c2025 ISN Film Community Best Film\u201d award.<\/span><\/div>\n<p><strong>The Finalists are:<\/strong><\/p>\n<ul>\n<li><span style=\"font-size: 10pt;\"><span style=\"font-size: 12pt;\">SACRED GIFT<\/span><\/span><\/li>\n<li>HEROES DE CADA DIA: SUE\u00d1OS Y ESPERANZA EN DIALISIS \/ EVERYDAY HEROES: DREAMS AND HOPE IN DIALYSIS<\/li>\n<li>DONATE LIFE: PABLO&#8217;S STORY<\/li>\n<li>SHARRON ROUSE\u2019S JOURNEY WITH APOL1-MEDIATED KIDNEY DISEASE (AMKD): EMBRACING ADVOCACY AND RAISING AWARENESS<\/li>\n<li>AVIA&#8217;S STORY<\/li>\n<li>POSITIVITY BREEDS RESILIENCE DESPITE DIALYSIS DEPENDENT RENAL FAILURE<\/li>\n<li>ISPD &#8211; 40 YEARS OF EMPOWERING PATIENTS ON DIALYSIS WORLDWIDE<\/li>\n<\/ul>\n<p>[\/vc_column_text][\/vc_column][vc_column][\/vc_column][\/vc_row][vc_row][vc_column][vc_column_text]<br \/>\n[\/vc_column_text][\/vc_column][\/vc_row][vc_row][vc_column][vc_message message_box_color=&#8221;warning&#8221;]<\/p>\n<p style=\"text-align: center;\"><strong>The winner of the ISN Community Film Event was announced at a special session during WCN\u201925. \u00a0The ISN congratulates the winner of the 7<sup>th<\/sup>\u00a0edition of the ISN Community Film Event:<\/strong><\/p>\n<p>[\/vc_message][vc_row_inner el_class=&#8221;drop-shadow&#8221; css=&#8221;.vc_custom_1739270981858{margin-bottom: 20px !important;background-color: #ddc59d !important;}&#8221;][vc_column_inner width=&#8221;1\/3&#8243; css=&#8221;.vc_custom_1709915421520{margin-right: 0px !important;padding-right: 0px !important;padding-left: 0px !important;}&#8221;][vc_video link=&#8221;https:\/\/www.youtube.com\/watch?v=L9SRFg9oo0c&#8221; css=&#8221;.vc_custom_1739269821398{margin-bottom: 0px !important;}&#8221;][\/vc_column_inner][vc_column_inner width=&#8221;2\/3&#8243; css=&#8221;.vc_custom_1739270963994{padding-top: 15px !important;padding-right: 20px !important;padding-bottom: 0px !important;padding-left: 20px !important;}&#8221;][vc_column_text el_class=&#8221;film-text&#8221; css=&#8221;.vc_custom_1739271346428{margin-bottom: 10px !important;}&#8221;]<strong class=\"winner\"><b><span lang=\"EN-GB\">\u201c2025 ISN Film Community Best Film\u201d winner<\/span><\/b><\/strong><\/p>\n<p><strong>SACRED GIFT<br \/>\n<\/strong><em><br \/>\nSubmitted by:<\/em><br \/>\n<em>Caroline Tait (Metis) (Indigenous Platform Lead, Canadian Donation and Transplantation Research Program, Faculty of Social Work, University of Calgary, Canada); Sean Muir (First Nations)(Indigenous Story Studio, Canada); Kevin Settee (Canadian Donation and Transplantation Research Program, Canada); Craig Settee (Canadian Donation and Transplantation Research Program, Canada)<\/em>[\/vc_column_text][\/vc_column_inner][\/vc_row_inner][vc_row_inner el_class=&#8221;drop-shadow&#8221; css=&#8221;.vc_custom_1709915506481{margin-bottom: 20px !important;background-color: #ededed !important;}&#8221;][vc_column_inner width=&#8221;1\/3&#8243; css=&#8221;.vc_custom_1709915421520{margin-right: 0px !important;padding-right: 0px !important;padding-left: 0px !important;}&#8221;][vc_video link=&#8221;https:\/\/youtu.be\/RNkSUvkNuqU&#8221; css=&#8221;.vc_custom_1739270011419{margin-bottom: 0px !important;}&#8221;][\/vc_column_inner][vc_column_inner width=&#8221;2\/3&#8243; css=&#8221;.vc_custom_1709915472575{padding-top: 20px !important;padding-right: 20px !important;padding-bottom: 20px !important;padding-left: 20px !important;}&#8221;][vc_column_text el_class=&#8221;film-text&#8221; css=&#8221;.vc_custom_1739270648765{margin-bottom: 10px !important;}&#8221;]<strong>Finalist<\/strong><\/p>\n<p><strong>Sharron Rouse\u2019s journey with apol1-mediated kidney disease: embracing advocacy and raising awareness<br \/>\n<\/strong><br \/>\n<em>Submitted by:<br \/>\nOlivia StMartin (Vertex Pharmaceuticals, USA); Lyndsey Scull (Vertex Pharmaceuticals, USA) ; Hayley Lambert (Vertex Pharmaceuticals, USA); Matt Gelineau (Vertex Pharmaceuticals, USA)<\/em>[\/vc_column_text][\/vc_column_inner][\/vc_row_inner][vc_row_inner el_class=&#8221;drop-shadow&#8221; css=&#8221;.vc_custom_1709915506481{margin-bottom: 20px !important;background-color: #ededed !important;}&#8221;][vc_column_inner width=&#8221;1\/3&#8243; css=&#8221;.vc_custom_1709915421520{margin-right: 0px !important;padding-right: 0px !important;padding-left: 0px !important;}&#8221;][vc_video link=&#8221;https:\/\/www.youtube.com\/watch?v=8055fSRWkNU&#8221; css=&#8221;.vc_custom_1739270033734{margin-bottom: 0px !important;}&#8221;][\/vc_column_inner][vc_column_inner width=&#8221;2\/3&#8243; css=&#8221;.vc_custom_1709915472575{padding-top: 20px !important;padding-right: 20px !important;padding-bottom: 20px !important;padding-left: 20px !important;}&#8221;][vc_column_text el_class=&#8221;film-text&#8221; css=&#8221;.vc_custom_1739270690829{margin-bottom: 10px !important;}&#8221;]<strong>Finalist<\/strong><\/p>\n<p><strong>Positivity breeds resilience despite dialysis dependent renal failure<br \/>\n<\/strong><br \/>\n<em>Submitted by:<br \/>\nWan Hazlina Wan Mohamad (Hospital Kuala Lumpur, Malaysia) ;Muhammad Syahmi Azman (Hospital Kuala Lumpur, Malaysia); Azrini Abdul Aziz (Hospital Kuala Lumpur, Malaysia)<\/em>[\/vc_column_text][\/vc_column_inner][\/vc_row_inner][vc_row_inner el_class=&#8221;drop-shadow&#8221; css=&#8221;.vc_custom_1709915506481{margin-bottom: 20px !important;background-color: #ededed !important;}&#8221;][vc_column_inner width=&#8221;1\/3&#8243; css=&#8221;.vc_custom_1709915421520{margin-right: 0px !important;padding-right: 0px !important;padding-left: 0px !important;}&#8221;][vc_video link=&#8221;https:\/\/www.youtube.com\/watch?v=HoRc-p_k1fE&#8221; css=&#8221;.vc_custom_1739270157991{margin-bottom: 0px !important;}&#8221;][\/vc_column_inner][vc_column_inner width=&#8221;2\/3&#8243; css=&#8221;.vc_custom_1709915472575{padding-top: 20px !important;padding-right: 20px !important;padding-bottom: 20px !important;padding-left: 20px !important;}&#8221;][vc_column_text el_class=&#8221;film-text&#8221; css=&#8221;.vc_custom_1739270699534{margin-bottom: 10px !important;}&#8221;]<strong>Finalist<\/strong><\/p>\n<p><strong>ISPD &#8211; 40 years of empowering patients on dialysis worldwide<\/strong><\/p>\n<p><em>Submitted by:<br \/>\nInternational Society for Peritoneal Dialysis<\/em>[\/vc_column_text][\/vc_column_inner][\/vc_row_inner][vc_row_inner el_class=&#8221;drop-shadow&#8221; css=&#8221;.vc_custom_1709915506481{margin-bottom: 20px !important;background-color: #ededed !important;}&#8221;][vc_column_inner width=&#8221;1\/3&#8243; css=&#8221;.vc_custom_1709915421520{margin-right: 0px !important;padding-right: 0px !important;padding-left: 0px !important;}&#8221;][vc_video link=&#8221;https:\/\/www.youtube.com\/watch?v=ZA-44ebXtbI&#8221; css=&#8221;.vc_custom_1739270175436{margin-bottom: 0px !important;}&#8221;][\/vc_column_inner][vc_column_inner width=&#8221;2\/3&#8243; css=&#8221;.vc_custom_1709915966050{padding-top: 20px !important;padding-right: 20px !important;padding-bottom: 0px !important;padding-left: 20px !important;}&#8221;][vc_column_text el_class=&#8221;film-text&#8221; css=&#8221;.vc_custom_1739270708558{margin-bottom: 10px !important;}&#8221;]<strong>Finalist<\/strong><\/p>\n<p><strong>Heroes de cada dia: sue\u00f1os y esperanza en dialisis \/ everyday heroes: dreams and hope in dialysis<\/strong><\/p>\n<p><em>Submitted by:<br \/>\nMilenka Flores Pacara (Dr Mario Ortiz Su\u00e1rez &#8220;Children\u00b4s Hospital&#8221;, Bolivia)<\/em>[\/vc_column_text][\/vc_column_inner][\/vc_row_inner][vc_row_inner el_class=&#8221;drop-shadow&#8221; css=&#8221;.vc_custom_1709915506481{margin-bottom: 20px !important;background-color: #ededed !important;}&#8221;][vc_column_inner width=&#8221;1\/3&#8243; css=&#8221;.vc_custom_1709915421520{margin-right: 0px !important;padding-right: 0px !important;padding-left: 0px !important;}&#8221;][vc_video link=&#8221;https:\/\/www.youtube.com\/watch?v=XFa4o5gatDE&#8221; css=&#8221;.vc_custom_1739270246006{margin-bottom: 0px !important;}&#8221;][\/vc_column_inner][vc_column_inner width=&#8221;2\/3&#8243; css=&#8221;.vc_custom_1709915966050{padding-top: 20px !important;padding-right: 20px !important;padding-bottom: 0px !important;padding-left: 20px !important;}&#8221;][vc_column_text el_class=&#8221;film-text&#8221; css=&#8221;.vc_custom_1739270744517{margin-bottom: 10px !important;}&#8221;]<strong>Finalist<\/strong><\/p>\n<p><strong>Donate life: pablo&#8217;s story<\/strong><\/p>\n<p><em>Submitted by:<br \/>\nPaula Marioli (Ren\u00e1lida, Argentina); Maximiliano Bresciano (Ren\u00e1lida, Argentina); Federico Mendoza Correa (Ren\u00e1lida, Argentina); Hugo Petrone (CUCAIBA, Argentina)<\/em>[\/vc_column_text][\/vc_column_inner][\/vc_row_inner][vc_row_inner el_class=&#8221;drop-shadow&#8221; css=&#8221;.vc_custom_1709915506481{margin-bottom: 20px !important;background-color: #ededed !important;}&#8221;][vc_column_inner width=&#8221;1\/3&#8243; css=&#8221;.vc_custom_1709915421520{margin-right: 0px !important;padding-right: 0px !important;padding-left: 0px !important;}&#8221;][vc_video link=&#8221;https:\/\/www.youtube.com\/watch?v=PZOkXLIAUxg&#8221; css=&#8221;.vc_custom_1739270315907{margin-bottom: 0px !important;}&#8221;][\/vc_column_inner][vc_column_inner width=&#8221;2\/3&#8243; css=&#8221;.vc_custom_1709915966050{padding-top: 20px !important;padding-right: 20px !important;padding-bottom: 0px !important;padding-left: 20px !important;}&#8221;][vc_column_text el_class=&#8221;film-text&#8221; css=&#8221;.vc_custom_1739270719782{margin-bottom: 10px !important;}&#8221;]<strong>Finalist<\/strong><\/p>\n<p><strong>Avia&#8217;s story<\/strong><\/p>\n<p><em>Submitted by:<br \/>\nKatrina Chau (Regional Dialysis Centre, Blacktown Hospital, Australia); Tanya Smolonogov (Regional Dialysis Centre, Blacktown Hospital, Western Sydney Local Health District, Australia)<\/em>[\/vc_column_text][\/vc_column_inner][\/vc_row_inner][\/vc_column][\/vc_row][vc_row disable_element=&#8221;yes&#8221;][vc_column][vc_column_text]<br \/>\n[\/vc_column_text][vc_column_text]<\/p>\n<h3>Kidney Stories from All Around the World<\/h3>\n<p>Storytelling is a powerful way to inform, educate, and activate change. Previous editions have recognized the inspirational hope and courage of dedicated healthcare<img loading=\"lazy\" decoding=\"async\" class=\"wp-image-1518 alignright\" src=\"https:\/\/www.theisn.org\/wcn\/wp-content\/uploads\/sites\/6\/2023\/08\/2024-09-Film-Event-square-banner-for-SoMe-no-CTA-1024x1024.jpg\" alt=\"\" width=\"381\" height=\"381\" \/> professionals and their patients fighting to live well with kidney disease. Over the years, more than <strong>130 stories<\/strong> from over <strong>40 countries<\/strong> were shared, and, more than <strong>17.500 votes<\/strong> have been casted by the ISN, WCN and WKD communities to elect the best films.<\/p>\n<p><strong>Previous participants submitted a film to:<\/strong><\/p>\n<ul>\n<li>Advocate for their patients<\/li>\n<li>Share their hospital experience<\/li>\n<li>Highlight kidney issues in their regions<\/li>\n<li>Thanks unrecognized heroes<\/li>\n<li>Support their causes<\/li>\n<\/ul>\n<p><strong>Share your story and make a difference in the lives of kidney patients and those who care for them. <\/strong>All submitted films will be added to the <a href=\"https:\/\/www.theisn.org\/in-action\/community\/community-film-event\/\">ISN Community Film Event Map<\/a> showcasing kidney stories from all around the world.<\/p>\n<p>[\/vc_column_text][\/vc_column][\/vc_row][vc_row][vc_column][vc_column_text]<\/p>\n<h2>Kidney Stories from Around the World<\/h2>\n<p><img loading=\"lazy\" decoding=\"async\" class=\"wp-image-1518 alignright\" src=\"https:\/\/www.theisn.org\/wcn\/wp-content\/uploads\/sites\/7\/2024\/08\/2024-08-Film-Event-no-deadline-square-banner-for-SoMe.jpg\" alt=\"\" width=\"381\" height=\"381\" \/>Storytelling is a powerful way to inform, educate, and activate change. Previous editions have recognized the inspirational hope and courage of dedicated healthcare professionals and their patients fighting to live well with kidney disease. Over the years, more than <strong>160 stories<\/strong> from over <strong>40 countries<\/strong> were shared, and, more than <strong>20.000 votes<\/strong> have been casted by the ISN, WCN and WKD communities to elect the best films.<\/p>\n<p><strong>Previous participants submitted a film to:<\/strong><\/p>\n<ul>\n<li>Advocate for their patients<\/li>\n<li>Share their hospital experience<\/li>\n<li>Highlight kidney issues in their regions<\/li>\n<li>Thanks unrecognized heroes<\/li>\n<li>Support their causes<\/li>\n<\/ul>\n<p><strong>Share your story and make a difference in the lives of kidney patients and those who care for them. <\/strong>All submitted films will be added to the <a href=\"https:\/\/www.theisn.org\/in-action\/community\/community-film-event\/\">ISN Community Film Event Map<\/a> showcasing kidney stories from all around the world.[\/vc_column_text][\/vc_column][vc_column][\/vc_column][\/vc_row][vc_row][vc_column][vc_tta_accordion color=&#8221;blue&#8221; spacing=&#8221;5&#8243; gap=&#8221;5&#8243; c_position=&#8221;right&#8221; active_section=&#8221;&#8221; collapsible_all=&#8221;true&#8221; el_class=&#8221;accordion-isn&#8221;][vc_tta_section title=&#8221;Get Inspired: Testimonies From Past Winners&#8221; tab_id=&#8221;testimonies&#8221;][vc_column_text]Watch the video interviews of winners from previous editions sharing the experience about its participation.[\/vc_column_text][vc_row_inner][vc_column_inner width=&#8221;1\/3&#8243;][vc_video link=&#8221;https:\/\/youtu.be\/zbSn-O2023o&#8221; css=&#8221;.vc_custom_1695754286837{margin-bottom: 0px !important;}&#8221;][vc_column_text el_class=&#8221;video-captions&#8221;]<strong>Interview with Dr. Sabarinath Shanmugham<\/strong><br \/>\n2023 ISN Community Best Film winner<br \/>\n<a href=\"https:\/\/youtu.be\/XMSMj4pljW4?si=LeOSNI1eu09VRpPe\" target=\"_blank\" rel=\"noopener noreferrer\">Hope Sustains Life through the Lens of a CKD Woman<\/a>[\/vc_column_text][\/vc_column_inner][vc_column_inner width=&#8221;1\/3&#8243;][vc_video link=&#8221;https:\/\/www.youtube.com\/watch?v=9faOLbduTxs&#8221; css=&#8221;.vc_custom_1666690231578{margin-bottom: 0px !important;}&#8221;][vc_column_text el_class=&#8221;video-captions&#8221;]<strong>Interview with Dr. Jeyakumar Meyyappan<\/strong><br \/>\n2022 ISN Community Best Film winner<br \/>\n<i class=\"fas fa-film\"><\/i> <a href=\"https:\/\/www.youtube.com\/watch?v=ek-I655GTX0\" target=\"_blank\" rel=\"noopener noreferrer\">For Some the Wait Never Ends<\/a>[\/vc_column_text][\/vc_column_inner][vc_column_inner width=&#8221;1\/3&#8243;][vc_video link=&#8221;https:\/\/www.youtube.com\/watch?v=dZZ6RnQevJA&#8221; css=&#8221;.vc_custom_1669371753457{margin-bottom: 0px !important;}&#8221;][vc_column_text el_class=&#8221;video-captions&#8221;]<strong>Interview with Dr. Roberto Pecoits-Filho<\/strong><br \/>\n2021 ISN Community Best Film winner<br \/>\n<i class=\"fas fa-film\"><\/i> <a href=\"https:\/\/www.youtube.com\/watch?v=cbkQxet9CGE\" target=\"_blank\" rel=\"noopener noreferrer\">Life Beyond the Transplant<\/a>[\/vc_column_text][\/vc_column_inner][\/vc_row_inner][vc_row_inner][vc_column_inner width=&#8221;1\/3&#8243;][vc_video link=&#8221;https:\/\/youtu.be\/EphpEuoMLYQ&#8221; css=&#8221;.vc_custom_1673192557691{margin-bottom: 0px !important;}&#8221;][vc_column_text el_class=&#8221;video-captions&#8221;]<strong>Interview with Dr. Vui Eng Phui<\/strong><br \/>\n2019 ISN Community Best Film winner<br \/>\n<i class=\"fas fa-film\"><\/i> <a href=\"https:\/\/youtu.be\/lqNFJvO_n9w\" target=\"_blank\" rel=\"noopener noreferrer\">Dialysis Journey of a Sarawakian<\/a><\/p>\n<p>[\/vc_column_text][\/vc_column_inner][vc_column_inner width=&#8221;1\/3&#8243;][vc_video link=&#8221;https:\/\/youtu.be\/_CN4aqOOXcY?si=rT0PcR86VVTe5N4L&#8221; css=&#8221;.vc_custom_1697654984188{margin-bottom: 0px !important;}&#8221;][vc_column_text el_class=&#8221;video-captions&#8221;]<strong>Interview with Dr. Jaime Restrepo<\/strong><br \/>\n2023 World Kidney Day Best Film winner<br \/>\n<a href=\"https:\/\/youtu.be\/UVObWpexwPg?si=_ZdrjQetKfKk0ilw\">Overcoming the Remoteness with Love for a Kidney Transplantation<\/a>[\/vc_column_text][\/vc_column_inner][vc_column_inner width=&#8221;1\/3&#8243;][vc_video link=&#8221;https:\/\/youtu.be\/nQK-PPXv5qM&#8221; css=&#8221;.vc_custom_1699552857577{margin-bottom: 0px !important;}&#8221;][vc_column_text el_class=&#8221;video-captions&#8221;]<strong>Interview with Dr. Huttaporn Tharapanich<\/strong><br \/>\nProtagonist of the Film \u201cMiracles Happen Every Day\u201d<br \/>\n<a href=\"https:\/\/www.youtube.com\/watch?v=NFcbZE8pjv4\">Miracles Happen Every Day<\/a>[\/vc_column_text][\/vc_column_inner][\/vc_row_inner][\/vc_tta_section][vc_tta_section title=&#8221;Eligibility Criteria and Submission Guidelines&#8221; tab_id=&#8221;submission-guidelines&#8221;][vc_column_text]<\/p>\n<ul>\n<li>Only ISN members are eligible to submit films<\/li>\n<\/ul>\n<p><em>Not yet an ISN member?\u00a0<\/em><\/p>\n<p><a href=\"https:\/\/www.theisn.org\/join-the-isn\/become-a-member\/\" target=\"_blank\" rel=\"noopener noreferrer\"><em>Become a member\u00a0<\/em><\/a><em>today and benefit from reduced fees on your <\/em><em>WCN\u201925 registration<\/em><em>.<\/em><\/p>\n<p>Films must be:<\/p>\n<ul>\n<li>less than two years old<\/li>\n<li>less than seven minutes long<\/li>\n<li>in 16:9 format, HD quality (1920 x 1080 resolution)<\/li>\n<\/ul>\n<p>By submitting a film, the authors agree to a screening at WCN\u201925 if their film is pre-selected by the jury.<\/p>\n<p>Deadline to submit films is<strong> November 11, 2024 (23:59 CET)<\/strong>.<\/p>\n<p>The pre-selected films will be announced by mail on <strong>December 2, 2024<\/strong>.[\/vc_column_text][\/vc_tta_section][vc_tta_section title=&#8221;Selection, Award and Activities during WCN&#8217;25&#8221; tab_id=&#8221;awards&#8221;][vc_column_text]The ISN Film Event jury will select 6 finalists from the submitted films.<br \/>\nOn December 5 online voting will open.<\/p>\n<p>As of 2025 edition, the ISN Film Event Community will award one film as the\u00a0 \u201cISN Community Best Film\u201d. The winner will receive a travel grant including a a complimentary registration to attend WCN\u201925 (payment refund).<\/p>\n<h3>Activities at WCN:<\/h3>\n<p>The participation of the winner (or a representative) is highly recommended, as several activities will take place during WCN&#8217;25 in Delhi.<\/p>\n<ul>\n<li>Award ceremony during a congress session<\/li>\n<li>Awareness activity with the winner at the WKD booth<\/li>\n<li>Screening of the 2025 winning film along with films from past editions during the congress<\/li>\n<\/ul>\n<p>If you have any questions, please contact Ilaria Pastorino at\u00a0<em>registrationswcn@theisn.org<\/em>.[\/vc_column_text][\/vc_tta_section][\/vc_tta_accordion][vc_empty_space][vc_separator][\/vc_column][\/vc_row][vc_row disable_element=&#8221;yes&#8221;][vc_column][vc_column_text]<\/p>\n<h6 style=\"text-align: center;\">ISN COMMUNITY FILM EVENT SUPPORTED BY<\/h6>\n<p style=\"text-align: center;\"><img loading=\"lazy\" decoding=\"async\" class=\"wp-image-1639 aligncenter\" src=\"https:\/\/www.theisn.org\/wcn\/wp-content\/uploads\/sites\/5\/2022\/10\/novartis_logo_pos_cmyk_c.png\" alt=\"Nobartis logo\" width=\"161\" height=\"28\" \/><\/p>\n<p>[\/vc_column_text][\/vc_column][\/vc_row][vc_row][vc_column][vc_column_text]<\/p>\n<p>[\/vc_column_text][\/vc_column][\/vc_row]<\/p>\n","protected":false},"excerpt":{"rendered":"<p>[vc_row][vc_column][vc_column_text] 7th ISN Community Film Event: Kidney Stories From Around the World &#8211; in collaboration with world kidney day [\/vc_column_text][\/vc_column][\/vc_row][vc_row disable_element=&#8221;yes&#8221;][vc_column][vc_message message_box_color=&#8221;warning&#8221;] The winner of the ISN Community Film Event was announced at a special session during WCN\u201925. The ISN congratulates the winner of the 7th\u00a0edition of the ISN Community Film Event: [\/vc_message][\/vc_column][\/vc_row][vc_row disable_element=&#8221;yes&#8221;][vc_column][vc_btn title=&#8221;Submit [&hellip;]<\/p>\n","protected":false},"author":2,"featured_media":0,"parent":0,"menu_order":0,"comment_status":"closed","ping_status":"closed","template":"","meta":{"footnotes":""},"class_list":["post-1423","page","type-page","status-publish","hentry"],"yoast_head":"<!-- This site is optimized with the Yoast SEO plugin v14.9 - https:\/\/yoast.com\/wordpress\/plugins\/seo\/ -->\n<title>ISN Community Film Event - World Congress of Nephrology 2025<\/title>\n<meta name=\"robots\" content=\"index, follow, max-snippet:-1, max-image-preview:large, max-video-preview:-1\" \/>\n<link rel=\"canonical\" href=\"https:\/\/www.theisn.org\/wcn\/isn-community-film-event\/\" \/>\n<meta property=\"og:locale\" content=\"en_US\" \/>\n<meta property=\"og:type\" content=\"article\" \/>\n<meta property=\"og:title\" content=\"ISN Community Film Event - World Congress of Nephrology 2025\" \/>\n<meta property=\"og:description\" content=\"[vc_row][vc_column][vc_column_text] 7th ISN Community Film Event: Kidney Stories From Around the World &#8211; in collaboration with world kidney day [\/vc_column_text][\/vc_column][\/vc_row][vc_row disable_element=&#8221;yes&#8221;][vc_column][vc_message message_box_color=&#8221;warning&#8221;] The winner of the ISN Community Film Event was announced at a special session during WCN\u201925. The ISN congratulates the winner of the 7th\u00a0edition of the ISN Community Film Event: [\/vc_message][\/vc_column][\/vc_row][vc_row disable_element=&#8221;yes&#8221;][vc_column][vc_btn title=&#8221;Submit [&hellip;]\" \/>\n<meta property=\"og:url\" content=\"https:\/\/www.theisn.org\/wcn\/isn-community-film-event\/\" \/>\n<meta property=\"og:site_name\" content=\"World Congress of Nephrology 2025\" \/>\n<meta property=\"article:modified_time\" content=\"2025-02-17T12:19:00+00:00\" \/>\n<meta property=\"og:image\" content=\"https:\/\/www.theisn.org\/wcn\/wp-content\/uploads\/sites\/6\/2023\/08\/2024-09-Film-Event-square-banner-for-SoMe-no-CTA-1024x1024.jpg\" \/>\n<meta name=\"twitter:card\" content=\"summary_large_image\" \/>\n<script type=\"application\/ld+json\" class=\"yoast-schema-graph\">{\"@context\":\"https:\/\/schema.org\",\"@graph\":[{\"@type\":\"Organization\",\"@id\":\"https:\/\/www.theisn.org\/wcn25\/#organization\",\"name\":\"World Congress of Nephrology\",\"url\":\"https:\/\/www.theisn.org\/wcn25\/\",\"sameAs\":[],\"logo\":{\"@type\":\"ImageObject\",\"@id\":\"https:\/\/www.theisn.org\/wcn25\/#logo\",\"inLanguage\":\"en-US\",\"url\":\"https:\/\/www.theisn.org\/wcn25\/wp-content\/uploads\/sites\/7\/2024\/06\/WCN25-logo-condensed-1.png\",\"width\":1105,\"height\":436,\"caption\":\"World Congress of Nephrology\"},\"image\":{\"@id\":\"https:\/\/www.theisn.org\/wcn25\/#logo\"}},{\"@type\":\"WebSite\",\"@id\":\"https:\/\/www.theisn.org\/wcn25\/#website\",\"url\":\"https:\/\/www.theisn.org\/wcn25\/\",\"name\":\"World Congress of Nephrology 2025\",\"description\":\"\",\"publisher\":{\"@id\":\"https:\/\/www.theisn.org\/wcn25\/#organization\"},\"potentialAction\":[{\"@type\":\"SearchAction\",\"target\":\"https:\/\/www.theisn.org\/wcn25\/?s={search_term_string}\",\"query-input\":\"required name=search_term_string\"}],\"inLanguage\":\"en-US\"},{\"@type\":\"ImageObject\",\"@id\":\"https:\/\/www.theisn.org\/wcn\/isn-community-film-event\/#primaryimage\",\"inLanguage\":\"en-US\",\"url\":\"https:\/\/www.theisn.org\/wcn\/wp-content\/uploads\/sites\/6\/2023\/08\/2024-09-Film-Event-square-banner-for-SoMe-no-CTA-1024x1024.jpg\"},{\"@type\":\"WebPage\",\"@id\":\"https:\/\/www.theisn.org\/wcn\/isn-community-film-event\/#webpage\",\"url\":\"https:\/\/www.theisn.org\/wcn\/isn-community-film-event\/\",\"name\":\"ISN Community Film Event - World Congress of Nephrology 2025\",\"isPartOf\":{\"@id\":\"https:\/\/www.theisn.org\/wcn25\/#website\"},\"primaryImageOfPage\":{\"@id\":\"https:\/\/www.theisn.org\/wcn\/isn-community-film-event\/#primaryimage\"},\"datePublished\":\"2024-08-20T09:30:08+00:00\",\"dateModified\":\"2025-02-17T12:19:00+00:00\",\"inLanguage\":\"en-US\",\"potentialAction\":[{\"@type\":\"ReadAction\",\"target\":[\"https:\/\/www.theisn.org\/wcn\/isn-community-film-event\/\"]}]}]}<\/script>\n<!-- \/ Yoast SEO plugin. -->","_links":{"self":[{"href":"https:\/\/www.theisn.org\/wcn25\/wp-json\/wp\/v2\/pages\/1423"}],"collection":[{"href":"https:\/\/www.theisn.org\/wcn25\/wp-json\/wp\/v2\/pages"}],"about":[{"href":"https:\/\/www.theisn.org\/wcn25\/wp-json\/wp\/v2\/types\/page"}],"author":[{"embeddable":true,"href":"https:\/\/www.theisn.org\/wcn25\/wp-json\/wp\/v2\/users\/2"}],"replies":[{"embeddable":true,"href":"https:\/\/www.theisn.org\/wcn25\/wp-json\/wp\/v2\/comments?post=1423"}],"version-history":[{"count":9,"href":"https:\/\/www.theisn.org\/wcn25\/wp-json\/wp\/v2\/pages\/1423\/revisions"}],"predecessor-version":[{"id":3951,"href":"https:\/\/www.theisn.org\/wcn25\/wp-json\/wp\/v2\/pages\/1423\/revisions\/3951"}],"wp:attachment":[{"href":"https:\/\/www.theisn.org\/wcn25\/wp-json\/wp\/v2\/media?parent=1423"}],"curies":[{"name":"wp","href":"https:\/\/api.w.org\/{rel}","templated":true}]}}