{"id":2192,"date":"2024-10-28T10:11:07","date_gmt":"2024-10-28T10:11:07","guid":{"rendered":"https:\/\/www.theisn.org\/wcn\/?page_id=2192"},"modified":"2025-02-03T14:59:31","modified_gmt":"2025-02-03T14:59:31","slug":"accreditation-and-credits","status":"publish","type":"page","link":"https:\/\/www.theisn.org\/wcn25\/program\/accreditation-and-credits\/","title":{"rendered":"Accreditation and credits"},"content":{"rendered":"<p>[vc_row][vc_column][vc_column_text]The <strong>ISN World Congress of Nephrology, New Delhi, India, 06\/02\/2025 &#8211; 09\/02\/2025\u00a0<\/strong>has been accredited by the European Accreditation Council for Continuing Medical Education (EACCME<sup>\u00ae<\/sup>) with <strong>15.5<\/strong><span style=\"font-family: Basier-circle-bold-webfont, sans-serif\"><b>\u00a0<\/b><\/span>European CME credits (ECMEC<sup>\u00ae<\/sup>s).<\/p>\n<p>Each participant can only receive the number of credits they are entitled to according to their actual participation at the event once they have completed the feedback form. Cf. criteria 22 of UEMS 2023.07.<\/p>\n<p>Through an agreement between the Union Europ\u00e9enne des M\u00e9decins Sp\u00e9cialistes and the American Medical Association, physicians may convert EACCME<sup>\u00ae<\/sup> credits to an equivalent number of AMA PRA Category 1 CreditsTM. Information on converting EACCME<sup>\u00ae<\/sup> credit to AMA credit can be found at <a href=\"https:\/\/edhub.ama-assn.org\/pages\/applications\u00a0\">www.ama-assn.org\/education\/earn-credit-participation-international-activities.<\/a><\/p>\n<p>Live educational activities, occurring outside of Canada, recognised by the UEMS-EACCME<sup>\u00ae<\/sup> for EACCME<sup>\u00ae<\/sup>s are deemed to be Accredited Group Learning Activities (Section 1) as defined by the Maintenance of Certification Program of the Royal College of Physicians and Surgeons of Canada.<\/p>\n<p>Please find below the breakdown of EACCME<sup>\u00ae<\/sup>s per day:<\/p>\n<p>February 6, 2025 &#8211; <strong>6.0<\/strong><br \/>\nFebruary 7, 2025 &#8211; <span style=\"font-family: Basier-circle-bold-webfont, sans-serif\"><b>4.0<\/b><\/span><br \/>\nFebruary 8, 2025 &#8211; <span style=\"font-family: Basier-circle-bold-webfont, sans-serif\"><b>4.0<\/b><\/span><br \/>\nFebruary 9, 2025 &#8211; <span style=\"font-family: Basier-circle-bold-webfont, sans-serif\"><b>1.5<\/b><\/span><\/p>\n<p>The EACCME\u00ae awards ECMEC\u00aes on the basis of 0,5 ECMEC\u00ae for 30 minutes of CME with a maximum of 8 ECMEC\u00aes per day. cf. Chapter XIII of UEMS 2023.07<\/p>\n<p>Please note that the CME Certificate of Attendance is not available for on-demand viewing.[\/vc_column_text][vc_message]<strong>IMPORTANT: <b>Delegates can obtain CME credits ONLY for the days in which you scan your badge at the \u201cBadge Scanning Zones\u201d<\/b><\/strong>[\/vc_message][vc_column_text]<\/p>\n<h4 class=\"elementToProof\">Indian CME accreditation:<\/h4>\n<div class=\"elementToProof\">The <strong>ISN World Congress of Nephrology, New Delhi, India <\/strong>has been accredited by the Delhi Medical Council (<a id=\"LPlnk396376\" title=\"Original URL: https:\/\/www.delhimedicalcouncil.org\/ Click to follow link.\" href=\"https:\/\/eur05.safelinks.protection.outlook.com\/?url=https%3A%2F%2Fwww.delhimedicalcouncil.org%2F&amp;data=05%7C02%7Ckchudzik%40Theisn.org%7Cd222aea3bf00441f46dd08dd2f24229e%7C9353336200694ec4b905d4dcc7a8a0ef%7C0%7C0%7C638718554411796618%7CUnknown%7CTWFpbGZsb3d8eyJFbXB0eU1hcGkiOnRydWUsIlYiOiIwLjAuMDAwMCIsIlAiOiJXaW4zMiIsIkFOIjoiTWFpbCIsIldUIjoyfQ%3D%3D%7C0%7C%7C%7C&amp;sdata=emUF4SzRbVTNtIYwK8NG2eEhD7C7HEXLetrAQ6FVxzc%3D&amp;reserved=0\">https:\/\/www.delhimedicalcouncil.org\/<\/a>), valid for all Indian medical professionals attending the Congress.<\/div>\n<p>&nbsp;<\/p>\n<div class=\"elementToProof\">Please find below the breakdown of CME Credit Hours:<\/div>\n<p><\/p>\n<div>February 7, 2025 &#8211;<strong> 4 hours 20 minutes<\/strong><\/div>\n<div>February 8, 2025 &#8211; <strong>7 hours 15 minutes<\/strong><\/div>\n<div>February 9, 2025 &#8211;<strong> 2 hours<\/strong><\/div>\n<p>&nbsp;<\/p>\n<div>Participants are required to maintain a record of CME Credit Hrs. in their CME Credit Passbooks, which is available on the website <a href=\"http:\/\/www.delhimedicalcouncil.org\" target=\"_blank\" rel=\"noopener\">www.delhimedicalcouncil.org<\/a> in a downloadable form.<\/div>\n<p>[\/vc_column_text][\/vc_column][\/vc_row][vc_row disable_element=&#8221;yes&#8221;][vc_column][vc_column_text]To download your CME Certificate of Attendance:<\/p>\n<p>Login to your WCN\u201923 Virtual Platform https:\/\/wcn23.theisn.org\/virtual<br \/>\nUsername: the email address used to register to WCN&#8217;23<br \/>\nPassword: should you do not remember your password, please use the &#8220;Forgot your password&#8221; link available on the platform login page.<br \/>\nClick on the \u201cMy CME Certificate\u201d button<br \/>\nComplete the feedback survey to access your certificate. This is mandatory and required by EACCME\u00ae.<br \/>\nDownload your certificate<\/p>\n<p>IMPORTANT:<br \/>\nFor in-person delegates: you will be able to obtain CME credits ONLY for the days in which you have scanned your badge at the \u201cBadge Scanning Zones\u201d.<br \/>\nFor virtual delegates: you will be able to obtain CME credits ONLY for the congress days in which you attend the sessions. On-demand sessions viewed after the congress days (March 30- April 2) are not accredited.[\/vc_column_text][\/vc_column][\/vc_row]<\/p>\n","protected":false},"excerpt":{"rendered":"<p>[vc_row][vc_column][vc_column_text]The ISN World Congress of Nephrology, New Delhi, India, 06\/02\/2025 &#8211; 09\/02\/2025\u00a0has been accredited by the European Accreditation Council for Continuing Medical Education (EACCME\u00ae) with 15.5\u00a0European CME credits (ECMEC\u00aes). Each participant can only receive the number of credits they are entitled to according to their actual participation at the event once they have completed the [&hellip;]<\/p>\n","protected":false},"author":2,"featured_media":0,"parent":1178,"menu_order":0,"comment_status":"closed","ping_status":"closed","template":"","meta":{"footnotes":""},"class_list":["post-2192","page","type-page","status-publish","hentry"],"yoast_head":"<!-- This site is optimized with the Yoast SEO plugin v14.9 - https:\/\/yoast.com\/wordpress\/plugins\/seo\/ -->\n<title>Accreditation and credits - World Congress of Nephrology 2025<\/title>\n<meta name=\"robots\" content=\"index, follow, max-snippet:-1, max-image-preview:large, max-video-preview:-1\" \/>\n<link rel=\"canonical\" href=\"https:\/\/www.theisn.org\/wcn\/program\/accreditation-and-credits\/\" \/>\n<meta property=\"og:locale\" content=\"en_US\" \/>\n<meta property=\"og:type\" content=\"article\" \/>\n<meta property=\"og:title\" content=\"Accreditation and credits - World Congress of Nephrology 2025\" \/>\n<meta property=\"og:description\" content=\"[vc_row][vc_column][vc_column_text]The ISN World Congress of Nephrology, New Delhi, India, 06\/02\/2025 &#8211; 09\/02\/2025\u00a0has been accredited by the European Accreditation Council for Continuing Medical Education (EACCME\u00ae) with 15.5\u00a0European CME credits (ECMEC\u00aes). Each participant can only receive the number of credits they are entitled to according to their actual participation at the event once they have completed the [&hellip;]\" \/>\n<meta property=\"og:url\" content=\"https:\/\/www.theisn.org\/wcn\/program\/accreditation-and-credits\/\" \/>\n<meta property=\"og:site_name\" content=\"World Congress of Nephrology 2025\" \/>\n<meta property=\"article:modified_time\" content=\"2025-02-03T14:59:31+00:00\" \/>\n<meta name=\"twitter:card\" content=\"summary_large_image\" \/>\n<meta name=\"twitter:image\" content=\"https:\/\/www.theisn.org\/wcn25\/wp-content\/uploads\/sites\/7\/2023\/12\/WCN25-logo-square.jpg\" \/>\n<script type=\"application\/ld+json\" class=\"yoast-schema-graph\">{\"@context\":\"https:\/\/schema.org\",\"@graph\":[{\"@type\":\"Organization\",\"@id\":\"https:\/\/www.theisn.org\/wcn25\/#organization\",\"name\":\"World Congress of Nephrology\",\"url\":\"https:\/\/www.theisn.org\/wcn25\/\",\"sameAs\":[],\"logo\":{\"@type\":\"ImageObject\",\"@id\":\"https:\/\/www.theisn.org\/wcn25\/#logo\",\"inLanguage\":\"en-US\",\"url\":\"https:\/\/www.theisn.org\/wcn25\/wp-content\/uploads\/sites\/7\/2024\/06\/WCN25-logo-condensed-1.png\",\"width\":1105,\"height\":436,\"caption\":\"World Congress of Nephrology\"},\"image\":{\"@id\":\"https:\/\/www.theisn.org\/wcn25\/#logo\"}},{\"@type\":\"WebSite\",\"@id\":\"https:\/\/www.theisn.org\/wcn25\/#website\",\"url\":\"https:\/\/www.theisn.org\/wcn25\/\",\"name\":\"World Congress of Nephrology 2025\",\"description\":\"\",\"publisher\":{\"@id\":\"https:\/\/www.theisn.org\/wcn25\/#organization\"},\"potentialAction\":[{\"@type\":\"SearchAction\",\"target\":\"https:\/\/www.theisn.org\/wcn25\/?s={search_term_string}\",\"query-input\":\"required name=search_term_string\"}],\"inLanguage\":\"en-US\"},{\"@type\":\"WebPage\",\"@id\":\"https:\/\/www.theisn.org\/wcn\/program\/accreditation-and-credits\/#webpage\",\"url\":\"https:\/\/www.theisn.org\/wcn\/program\/accreditation-and-credits\/\",\"name\":\"Accreditation and credits - World Congress of Nephrology 2025\",\"isPartOf\":{\"@id\":\"https:\/\/www.theisn.org\/wcn25\/#website\"},\"datePublished\":\"2024-10-28T10:11:07+00:00\",\"dateModified\":\"2025-02-03T14:59:31+00:00\",\"inLanguage\":\"en-US\",\"potentialAction\":[{\"@type\":\"ReadAction\",\"target\":[\"https:\/\/www.theisn.org\/wcn\/program\/accreditation-and-credits\/\"]}]}]}<\/script>\n<!-- \/ Yoast SEO plugin. -->","_links":{"self":[{"href":"https:\/\/www.theisn.org\/wcn25\/wp-json\/wp\/v2\/pages\/2192"}],"collection":[{"href":"https:\/\/www.theisn.org\/wcn25\/wp-json\/wp\/v2\/pages"}],"about":[{"href":"https:\/\/www.theisn.org\/wcn25\/wp-json\/wp\/v2\/types\/page"}],"author":[{"embeddable":true,"href":"https:\/\/www.theisn.org\/wcn25\/wp-json\/wp\/v2\/users\/2"}],"replies":[{"embeddable":true,"href":"https:\/\/www.theisn.org\/wcn25\/wp-json\/wp\/v2\/comments?post=2192"}],"version-history":[{"count":5,"href":"https:\/\/www.theisn.org\/wcn25\/wp-json\/wp\/v2\/pages\/2192\/revisions"}],"predecessor-version":[{"id":3729,"href":"https:\/\/www.theisn.org\/wcn25\/wp-json\/wp\/v2\/pages\/2192\/revisions\/3729"}],"up":[{"embeddable":true,"href":"https:\/\/www.theisn.org\/wcn25\/wp-json\/wp\/v2\/pages\/1178"}],"wp:attachment":[{"href":"https:\/\/www.theisn.org\/wcn25\/wp-json\/wp\/v2\/media?parent=2192"}],"curies":[{"name":"wp","href":"https:\/\/api.w.org\/{rel}","templated":true}]}}